{"id":87,"date":"2019-07-08T14:40:54","date_gmt":"2019-07-08T14:40:54","guid":{"rendered":"http:\/\/wp.viktor-ge.org\/?page_id=87"},"modified":"2019-11-28T13:05:58","modified_gmt":"2019-11-28T12:05:58","slug":"marmor","status":"publish","type":"page","link":"https:\/\/viktor-ge.org\/?page_id=87","title":{"rendered":"Arbeiten Marmor"},"content":{"rendered":"\n[et_pb_section fb_built=&#8220;1&#8243; _builder_version=&#8220;3.25.4&#8243; background_color=&#8220;#606060&#8243; fb_built=&#8220;1&#8243; _i=&#8220;0&#8243; _address=&#8220;0&#8243;][et_pb_row _builder_version=&#8220;3.25.4&#8243; _i=&#8220;0&#8243; _address=&#8220;0.0&#8243;][et_pb_column type=&#8220;4_4&#8243; _builder_version=&#8220;3.25.4&#8243; _i=&#8220;0&#8243; _address=&#8220;0.0.0&#8243;][et_pb_text _builder_version=&#8220;3.29.3&#8243; _i=&#8220;0&#8243; _address=&#8220;0.0.0.0&#8243;]<div id=\"c403\" class=\"csc-default\">\n<h1 class=\"csc-header-alignment-center csc-firstHeader\"><span style=\"color: #ffffff;\">MARMOR<\/span><\/h1>\n<p class=\"align-justify\"><span style=\"color: #ffffff;\">Marmor ist f\u00fcr mich das Bildhauermaterial schlechthin. Dauerhaft und ausdrucksstark war Marmor seit der Antike der beliebteste Stein unter Bildhauern.<\/span><\/p>\n<p class=\"align-justify\"><span style=\"color: #ffffff;\">Seit der Renaissance war der \u201eStatuario\u201c aus Carrara der am meisten bevorzugte Marmor. In Carrara gibt es so viele Marmorsorten wie Steinbr\u00fcche und das sind hunderte. Davon hat der Statuario die besten Qualit\u00e4ten. Er besitzt eine Transparenz, die ein bis zwei Zentimeter tief in den Stein eindringt. Das Wei\u00df tendiert zum Gelblichen, was bei der Darstellung von Haut sehr vorteilhaft ist.<\/span><\/p>\n<p class=\"align-justify\"><span style=\"color: #ffffff;\">Ein anderer Marmor, den ich sehr sch\u00e4tze ist der \u201eBardiglio\u201c. Sein Grundfarbe ist Grau und auch davon gibt es mehrere Sorten, mehr oder weniger stark marmoriert. Ich bevorzuge den gleichf\u00f6rmigen \u201eBardiglio Imperiale\u201c aus Serravezza. Durch verschiedene Oberfl\u00e4chenbearbeitungen lassen sich Kontraste und Farbeffekte erzielen.<\/span><\/p>\n<p class=\"align-justify\"><span style=\"color: #ffffff;\">Schwarz ist der \u201eNero di Belgio\u201c auf deutsch \u201eBelgischer Ganit\u201c. Der Name ist falsch, denn der Stein ist ein Kalkstein mit viel Kohlenstoff und Schwefel. Aber er ist hart wie Ganit und manchmal enth\u00e4lt er kubische Kristalle aus Pyrit. Die Steinbr\u00fcche liegen in den Ardennen unter Tage zwischen Kohlefl\u00f6zen. Mit Nero di Belgio lassen sich noch st\u00e4rkere Kontraste erzielen als mit Bardiglo. Auf Hochglanz poliert sieht er aus wie schwarzes Latex, Lack oder Leder.<\/span><\/p>\n<p><span style=\"color: #ffffff;\">Au\u00dferdem behaue ich auch noch gerne Sandstein, oder franz\u00f6sischen Kalkstein.<\/span><\/p>\n<\/div>\n<div id=\"c351\" class=\"csc-default csc-space-after-20\">\n<div class=\"csc-textpic csc-textpic-center csc-textpic-above\">\n<div class=\"csc-textpic-text\"><\/div>\n<\/div>\n<\/div>\n<div id=\"c352\" class=\"csc-default csc-space-after-20\">\n<div class=\"csc-textpic csc-textpic-center csc-textpic-above\">\n<div class=\"csc-textpic-imagewrap\">\n<div class=\"csc-textpic-center-outer\">\n<div class=\"csc-textpic-center-inner\">\n<div class=\"csc-textpic-image csc-textpic-last\"><span style=\"color: #ffffff;\"><img loading=\"lazy\" decoding=\"async\" src=\"http:\/\/viktor-ge.org\/typo3temp\/pics\/4b8bdd4d24.jpg\" width=\"440\" height=\"287\" border=\"0\" alt=\"\" \/><\/span><\/div>\n<\/div>\n<\/div>\n<\/div>\n<div class=\"csc-textpic-text\"><\/div>\n<\/div>\n<\/div>[\/et_pb_text][\/et_pb_column][\/et_pb_row][et_pb_row column_structure=&#8220;1_3,1_3,1_3&#8243; _builder_version=&#8220;3.29.3&#8243; _i=&#8220;1&#8243; _address=&#8220;0.1&#8243;][et_pb_column type=&#8220;1_3&#8243; _builder_version=&#8220;3.29.3&#8243; _i=&#8220;0&#8243; _address=&#8220;0.1.0&#8243;][et_pb_image src=&#8220;http:\/\/viktor-ge.org\/wp-content\/uploads\/2019\/07\/Scan_8.jpg&#8220; _builder_version=&#8220;3.29.3&#8243; _i=&#8220;0&#8243; _address=&#8220;0.1.0.0&#8243;][\/et_pb_image][\/et_pb_column][et_pb_column type=&#8220;1_3&#8243; _builder_version=&#8220;3.29.3&#8243; _i=&#8220;1&#8243; _address=&#8220;0.1.1&#8243;][et_pb_image src=&#8220;http:\/\/viktor-ge.org\/wp-content\/uploads\/2019\/07\/Schwanenhals046.jpg&#8220; _builder_version=&#8220;3.29.3&#8243; transform_scale=&#8220;131%|131%&#8220; transform_translate=&#8220;7px|25px&#8220; _i=&#8220;0&#8243; _address=&#8220;0.1.1.0&#8243;][\/et_pb_image][\/et_pb_column][et_pb_column type=&#8220;1_3&#8243; _builder_version=&#8220;3.29.3&#8243; _i=&#8220;2&#8243; _address=&#8220;0.1.2&#8243;][et_pb_image src=&#8220;http:\/\/viktor-ge.org\/wp-content\/uploads\/2019\/07\/Helene017.jpg&#8220; _builder_version=&#8220;3.29.3&#8243; transform_scale=&#8220;76%|76%&#8220; transform_translate=&#8220;-20px|-61px&#8220; _i=&#8220;0&#8243; _address=&#8220;0.1.2.0&#8243;][\/et_pb_image][\/et_pb_column][\/et_pb_row][et_pb_row column_structure=&#8220;1_3,1_3,1_3&#8243; _builder_version=&#8220;3.29.3&#8243; _i=&#8220;2&#8243; _address=&#8220;0.2&#8243;][et_pb_column type=&#8220;1_3&#8243; _builder_version=&#8220;3.29.3&#8243; _i=&#8220;0&#8243; _address=&#8220;0.2.0&#8243;][et_pb_image src=&#8220;http:\/\/viktor-ge.org\/wp-content\/uploads\/2019\/07\/Stone_Bound_Beauty_1047.jpg&#8220; _builder_version=&#8220;3.29.3&#8243; _i=&#8220;0&#8243; _address=&#8220;0.2.0.0&#8243;][\/et_pb_image][\/et_pb_column][et_pb_column type=&#8220;1_3&#8243; _builder_version=&#8220;3.29.3&#8243; _i=&#8220;1&#8243; _address=&#8220;0.2.1&#8243;][et_pb_image src=&#8220;http:\/\/viktor-ge.org\/wp-content\/uploads\/2019\/07\/Blown_in_the_wind001.jpg&#8220; _builder_version=&#8220;3.29.3&#8243; transform_scale=&#8220;140%|140%&#8220; transform_translate=&#8220;12px|43px&#8220; _i=&#8220;0&#8243; _address=&#8220;0.2.1.0&#8243;][\/et_pb_image][\/et_pb_column][et_pb_column type=&#8220;1_3&#8243; _builder_version=&#8220;3.29.3&#8243; _i=&#8220;2&#8243; _address=&#8220;0.2.2&#8243;][et_pb_image src=&#8220;http:\/\/viktor-ge.org\/wp-content\/uploads\/2019\/07\/Hermaphrodit_3019.jpg&#8220; _builder_version=&#8220;3.29.3&#8243; transform_scale=&#8220;110%|110%&#8220; transform_translate=&#8220;54px|18px&#8220; _i=&#8220;0&#8243; _address=&#8220;0.2.2.0&#8243;][\/et_pb_image][\/et_pb_column][\/et_pb_row][et_pb_row column_structure=&#8220;1_3,1_3,1_3&#8243; _builder_version=&#8220;3.29.3&#8243; _i=&#8220;3&#8243; _address=&#8220;0.3&#8243;][et_pb_column type=&#8220;1_3&#8243; _builder_version=&#8220;3.29.3&#8243; _i=&#8220;0&#8243; _address=&#8220;0.3.0&#8243;][et_pb_image src=&#8220;http:\/\/viktor-ge.org\/wp-content\/uploads\/2019\/07\/High_heel_Statuario_3024.jpg&#8220; _builder_version=&#8220;3.29.3&#8243; _i=&#8220;0&#8243; _address=&#8220;0.3.0.0&#8243;][\/et_pb_image][\/et_pb_column][et_pb_column type=&#8220;1_3&#8243; _builder_version=&#8220;3.29.3&#8243; _i=&#8220;1&#8243; _address=&#8220;0.3.1&#8243;][et_pb_image src=&#8220;http:\/\/viktor-ge.org\/wp-content\/uploads\/2019\/07\/High_Heel_Nero021.jpg&#8220; _builder_version=&#8220;3.29.3&#8243; _i=&#8220;0&#8243; _address=&#8220;0.3.1.0&#8243;][\/et_pb_image][\/et_pb_column][et_pb_column type=&#8220;1_3&#8243; _builder_version=&#8220;3.29.3&#8243; _i=&#8220;2&#8243; _address=&#8220;0.3.2&#8243;][et_pb_image src=&#8220;http:\/\/viktor-ge.org\/wp-content\/uploads\/2019\/07\/High_heel_Statuario_1022.jpg&#8220; _builder_version=&#8220;3.29.3&#8243; _i=&#8220;0&#8243; _address=&#8220;0.3.2.0&#8243;][\/et_pb_image][\/et_pb_column][\/et_pb_row][et_pb_row column_structure=&#8220;1_3,1_3,1_3&#8243; _builder_version=&#8220;3.29.3&#8243; _i=&#8220;4&#8243; _address=&#8220;0.4&#8243;][et_pb_column type=&#8220;1_3&#8243; _builder_version=&#8220;3.29.3&#8243; _i=&#8220;0&#8243; _address=&#8220;0.4.0&#8243;][et_pb_image src=&#8220;http:\/\/viktor-ge.org\/wp-content\/uploads\/2019\/07\/Hermophrodit_3020.jpg&#8220; _builder_version=&#8220;3.29.3&#8243; _i=&#8220;0&#8243; _address=&#8220;0.4.0.0&#8243;][\/et_pb_image][\/et_pb_column][et_pb_column type=&#8220;1_3&#8243; _builder_version=&#8220;3.29.3&#8243; _i=&#8220;1&#8243; _address=&#8220;0.4.1&#8243;][et_pb_image src=&#8220;http:\/\/viktor-ge.org\/wp-content\/uploads\/2019\/07\/Hermaphrodit_3019.jpg&#8220; _builder_version=&#8220;3.29.3&#8243; transform_scale=&#8220;111%|111%&#8220; transform_translate=&#8220;-11px|18px&#8220; _i=&#8220;0&#8243; _address=&#8220;0.4.1.0&#8243;][\/et_pb_image][\/et_pb_column][et_pb_column type=&#8220;1_3&#8243; _builder_version=&#8220;3.29.3&#8243; _i=&#8220;2&#8243; _address=&#8220;0.4.2&#8243;][et_pb_image src=&#8220;http:\/\/viktor-ge.org\/wp-content\/uploads\/2019\/07\/Scan_03.jpg&#8220; _builder_version=&#8220;3.29.3&#8243; transform_scale=&#8220;105%|105%&#8220; transform_translate=&#8220;-13px|8px&#8220; _i=&#8220;0&#8243; _address=&#8220;0.4.2.0&#8243;][\/et_pb_image][\/et_pb_column][\/et_pb_row][et_pb_row column_structure=&#8220;1_3,1_3,1_3&#8243; _builder_version=&#8220;3.29.3&#8243; hover_enabled=&#8220;0&#8243; _i=&#8220;4&#8243; _address=&#8220;0.4&#8243;][et_pb_column type=&#8220;1_3&#8243; _builder_version=&#8220;3.29.3&#8243; _i=&#8220;0&#8243; _address=&#8220;0.4.0&#8243;][et_pb_image src=&#8220;http:\/\/viktor-ge.org\/wp-content\/uploads\/2019\/07\/Einteiler015.jpg&#8220; _builder_version=&#8220;3.29.3&#8243; hover_enabled=&#8220;0&#8243; _i=&#8220;0&#8243; _address=&#8220;0.4.0.0&#8243;][\/et_pb_image][\/et_pb_column][et_pb_column type=&#8220;1_3&#8243; _builder_version=&#8220;3.29.3&#8243; _i=&#8220;1&#8243; _address=&#8220;0.4.1&#8243;][et_pb_image src=&#8220;http:\/\/viktor-ge.org\/wp-content\/uploads\/2019\/07\/web-2_01-1.jpg&#8220; _builder_version=&#8220;3.29.3&#8243; transform_scale=&#8220;111%|111%&#8220; transform_translate=&#8220;3px|2px&#8220; hover_enabled=&#8220;0&#8243; _i=&#8220;0&#8243; _address=&#8220;0.4.1.0&#8243;][\/et_pb_image][\/et_pb_column][et_pb_column type=&#8220;1_3&#8243; _builder_version=&#8220;3.29.3&#8243; _i=&#8220;2&#8243; _address=&#8220;0.4.2&#8243;][et_pb_image src=&#8220;http:\/\/viktor-ge.org\/wp-content\/uploads\/2019\/07\/web-1_01.jpg&#8220; _builder_version=&#8220;3.29.3&#8243; transform_scale=&#8220;105%|105%&#8220; transform_translate=&#8220;-13px|8px&#8220; hover_enabled=&#8220;0&#8243; _i=&#8220;0&#8243; _address=&#8220;0.4.2.0&#8243;][\/et_pb_image][\/et_pb_column][\/et_pb_row][et_pb_row column_structure=&#8220;1_3,1_3,1_3&#8243; _builder_version=&#8220;3.29.3&#8243; hover_enabled=&#8220;0&#8243; _i=&#8220;4&#8243; _address=&#8220;0.4&#8243; transform_translate=&#8220;0px|-2px&#8220; use_custom_gutter=&#8220;on&#8220; make_equal=&#8220;on&#8220;][et_pb_column type=&#8220;1_3&#8243; _builder_version=&#8220;3.29.3&#8243; _i=&#8220;0&#8243; _address=&#8220;0.4.0&#8243;][et_pb_image src=&#8220;http:\/\/viktor-ge.org\/wp-content\/uploads\/2019\/07\/web-6064_01.jpg&#8220; _builder_version=&#8220;3.29.3&#8243; hover_enabled=&#8220;0&#8243; _i=&#8220;0&#8243; _address=&#8220;0.4.0.0&#8243;][\/et_pb_image][\/et_pb_column][et_pb_column type=&#8220;1_3&#8243; _builder_version=&#8220;3.29.3&#8243; _i=&#8220;1&#8243; _address=&#8220;0.4.1&#8243;][et_pb_image src=&#8220;http:\/\/viktor-ge.org\/wp-content\/uploads\/2019\/07\/web-6065_01.jpg&#8220; _builder_version=&#8220;3.29.3&#8243; transform_scale=&#8220;111%|111%&#8220; transform_translate=&#8220;-4px|9px&#8220; hover_enabled=&#8220;0&#8243; _i=&#8220;0&#8243; _address=&#8220;0.4.1.0&#8243;][\/et_pb_image][\/et_pb_column][et_pb_column type=&#8220;1_3&#8243; _builder_version=&#8220;3.29.3&#8243; _i=&#8220;2&#8243; _address=&#8220;0.4.2&#8243;][et_pb_image src=&#8220;http:\/\/viktor-ge.org\/wp-content\/uploads\/2019\/07\/Scan_5.jpg&#8220; _builder_version=&#8220;3.29.3&#8243; transform_scale=&#8220;105%|105%&#8220; transform_translate=&#8220;-13px|8px&#8220; hover_enabled=&#8220;0&#8243; _i=&#8220;0&#8243; _address=&#8220;0.4.2.0&#8243; title_text=&#8220;Donatella&#8220; disabled_on=&#8220;off|off|off&#8220;][\/et_pb_image][\/et_pb_column][\/et_pb_row][et_pb_row column_structure=&#8220;1_3,1_3,1_3&#8243; _builder_version=&#8220;3.29.3&#8243; hover_enabled=&#8220;0&#8243; _i=&#8220;4&#8243; _address=&#8220;0.4&#8243; transform_translate=&#8220;0px|-2px&#8220; use_custom_gutter=&#8220;on&#8220; make_equal=&#8220;on&#8220;][et_pb_column type=&#8220;1_3&#8243; _builder_version=&#8220;3.29.3&#8243; _i=&#8220;0&#8243; _address=&#8220;0.4.0&#8243;][et_pb_image src=&#8220;http:\/\/viktor-ge.org\/wp-content\/uploads\/2019\/07\/Scan_8.jpg&#8220; _builder_version=&#8220;3.29.3&#8243; hover_enabled=&#8220;0&#8243; _i=&#8220;0&#8243; _address=&#8220;0.4.0.0&#8243;][\/et_pb_image][\/et_pb_column][et_pb_column type=&#8220;1_3&#8243; _builder_version=&#8220;3.29.3&#8243; _i=&#8220;1&#8243; _address=&#8220;0.4.1&#8243;][et_pb_image src=&#8220;http:\/\/viktor-ge.org\/wp-content\/uploads\/2019\/07\/P8030067.jpg&#8220; _builder_version=&#8220;3.29.3&#8243; transform_scale=&#8220;111%|111%&#8220; transform_translate=&#8220;-4px|9px&#8220; hover_enabled=&#8220;0&#8243; _i=&#8220;0&#8243; _address=&#8220;0.4.1.0&#8243;][\/et_pb_image][\/et_pb_column][et_pb_column type=&#8220;1_3&#8243; _builder_version=&#8220;3.29.3&#8243; _i=&#8220;2&#8243; _address=&#8220;0.4.2&#8243;][et_pb_image src=&#8220;http:\/\/viktor-ge.org\/wp-content\/uploads\/2019\/07\/Donatella_Jeans011.jpg&#8220; _builder_version=&#8220;3.29.3&#8243; transform_scale=&#8220;105%|105%&#8220; transform_translate=&#8220;-13px|8px&#8220; hover_enabled=&#8220;0&#8243; _i=&#8220;0&#8243; _address=&#8220;0.4.2.0&#8243;][\/et_pb_image][\/et_pb_column][\/et_pb_row][\/et_pb_section]\n","protected":false},"excerpt":{"rendered":"<p>MARMOR Marmor ist f\u00fcr mich das Bildhauermaterial schlechthin. Dauerhaft und ausdrucksstark war Marmor seit der Antike der beliebteste Stein unter Bildhauern. Seit der Renaissance war der \u201eStatuario\u201c aus Carrara der am meisten bevorzugte Marmor. In Carrara gibt es so viele Marmorsorten wie Steinbr\u00fcche und das sind hunderte. Davon hat der Statuario die besten Qualit\u00e4ten. Er [&hellip;]<\/p>\n","protected":false},"author":1,"featured_media":0,"parent":0,"menu_order":0,"comment_status":"closed","ping_status":"closed","template":"","meta":{"_et_pb_use_builder":"on","_et_pb_old_content":"","_et_gb_content_width":"","footnotes":""},"class_list":["post-87","page","type-page","status-publish","hentry"],"_links":{"self":[{"href":"https:\/\/viktor-ge.org\/index.php?rest_route=\/wp\/v2\/pages\/87"}],"collection":[{"href":"https:\/\/viktor-ge.org\/index.php?rest_route=\/wp\/v2\/pages"}],"about":[{"href":"https:\/\/viktor-ge.org\/index.php?rest_route=\/wp\/v2\/types\/page"}],"author":[{"embeddable":true,"href":"https:\/\/viktor-ge.org\/index.php?rest_route=\/wp\/v2\/users\/1"}],"replies":[{"embeddable":true,"href":"https:\/\/viktor-ge.org\/index.php?rest_route=%2Fwp%2Fv2%2Fcomments&post=87"}],"version-history":[{"count":14,"href":"https:\/\/viktor-ge.org\/index.php?rest_route=\/wp\/v2\/pages\/87\/revisions"}],"predecessor-version":[{"id":979,"href":"https:\/\/viktor-ge.org\/index.php?rest_route=\/wp\/v2\/pages\/87\/revisions\/979"}],"wp:attachment":[{"href":"https:\/\/viktor-ge.org\/index.php?rest_route=%2Fwp%2Fv2%2Fmedia&parent=87"}],"curies":[{"name":"wp","href":"https:\/\/api.w.org\/{rel}","templated":true}]}}