{"id":748,"date":"2019-10-16T17:37:09","date_gmt":"2019-10-16T16:37:09","guid":{"rendered":"http:\/\/viktor-ge.org\/?page_id=748"},"modified":"2019-11-28T15:21:51","modified_gmt":"2019-11-28T14:21:51","slug":"eine-stele-fuer-osthofen","status":"publish","type":"page","link":"https:\/\/viktor-ge.org\/?page_id=748","title":{"rendered":"Eine Stele f\u00fcr Osthofen"},"content":{"rendered":"<p>[et_pb_section fb_built=&#8220;1&#8243; _builder_version=&#8220;3.25.4&#8243; background_color=&#8220;#606060&#8243; min_height=&#8220;1472px&#8220; fb_built=&#8220;1&#8243; _i=&#8220;0&#8243; _address=&#8220;0&#8243;][et_pb_row _builder_version=&#8220;3.25.4&#8243; width=&#8220;94.8%&#8220; _i=&#8220;0&#8243; _address=&#8220;0.0&#8243;][et_pb_column type=&#8220;4_4&#8243; _builder_version=&#8220;3.25.4&#8243; _i=&#8220;0&#8243; _address=&#8220;0.0.0&#8243;][et_pb_text _builder_version=&#8220;3.29.3&#8243; _i=&#8220;0&#8243; _address=&#8220;0.0.0.0&#8243;]<\/p>\n<h1><span style=\"color: #ffffff;\">Eine Stele f\u00fcr Osthofen<\/span><\/h1>\n<p><span style=\"color: #ffffff;\">\u00a0<\/span><\/p>\n<p class=\"align-justify\"><span style=\"color: #ffffff;\">\u00a0<\/span><\/p>\n<p class=\"align-justify\"><span style=\"color: #ffffff;\">In der lieblichen Gegend des rheinhessischen Wonnegaus, wenige Kilometer n\u00f6rdlich der Nibelungenstadt Worms am Rhein, liegt die kleine Stadt Osthofen.<\/span><\/p>\n<p class=\"align-justify\"><span style=\"color: #ffffff;\">Im Rahmen der Umgestaltung des Osthofener Bahnhofvorplatzes bekam ich 2009 den Auftrag f\u00fcr eine Stele aus Sandstein.<\/span><\/p>\n<p class=\"align-justify\"><span style=\"color: #ffffff;\">In diesem Zusammenhang habe ich mich intensiv mit der Vergangenheit Osthofens besch\u00e4ftigt und mit der Stele den ber\u00fchmten S\u00f6hnen der Stadt, die durch ihr Schaffen weltweit Anerkennung fanden, ein Denkmal gesetzt.<\/span><\/p>\n<p class=\"align-justify\"><span style=\"color: #ffffff;\">Die Stele aus Udelfanger Sandstein, pr\u00e4gt mit ihren \u00fcber f\u00fcnf Metern H\u00f6he den Bahnhofsvorplatz und begr\u00fc\u00dft die Besucher der Stadt.<\/span><\/p>\n<p>[\/et_pb_text][\/et_pb_column][\/et_pb_row][et_pb_row _builder_version=&#8220;3.25.4&#8243; custom_margin=&#8220;|auto||31px||&#8220; _i=&#8220;1&#8243; _address=&#8220;0.1&#8243;][et_pb_column type=&#8220;4_4&#8243; _builder_version=&#8220;3.25.4&#8243; _i=&#8220;0&#8243; _address=&#8220;0.1.0&#8243;][et_pb_image src=&#8220;http:\/\/viktor-ge.org\/wp-content\/uploads\/2019\/07\/web-1050463_01.jpg&#8220; align=&#8220;center&#8220; _builder_version=&#8220;3.29.3&#8243; transform_scale=&#8220;115%|115%&#8220; transform_translate=&#8220;0px|24px&#8220; _i=&#8220;0&#8243; _address=&#8220;0.1.0.0&#8243;][\/et_pb_image][\/et_pb_column][\/et_pb_row][et_pb_row _builder_version=&#8220;3.29.3&#8243; width=&#8220;94.8%&#8220; custom_margin=&#8220;65px||||false|false&#8220; custom_padding=&#8220;34px|||||&#8220; _i=&#8220;2&#8243; _address=&#8220;0.2&#8243;][et_pb_column type=&#8220;4_4&#8243; _builder_version=&#8220;3.25.4&#8243; _i=&#8220;0&#8243; _address=&#8220;0.2.0&#8243;][et_pb_text _builder_version=&#8220;3.29.3&#8243; _i=&#8220;0&#8243; _address=&#8220;0.2.0.0&#8243;]<\/p>\n<p><span style=\"color: #ffffff;\">Begonnen habe ich die Arbeit im Steinbruch von Udelfangen nahe der luxemburgischen Grenze. Ich setzte eine Standfl\u00e4che auf den Stein, und vier Edelstahlstifte zur Verankerung wurden verklebt.<\/span><\/p>\n<p>[\/et_pb_text][\/et_pb_column][\/et_pb_row][et_pb_row _builder_version=&#8220;3.29.3&#8243; width=&#8220;100%&#8220; custom_margin=&#8220;|auto||31px||&#8220; _i=&#8220;3&#8243; _address=&#8220;0.3&#8243;][et_pb_column type=&#8220;4_4&#8243; _builder_version=&#8220;3.25.4&#8243; _i=&#8220;0&#8243; _address=&#8220;0.3.0&#8243;][et_pb_image src=&#8220;http:\/\/viktor-ge.org\/wp-content\/uploads\/2019\/07\/web-1221_01.jpg&#8220; _builder_version=&#8220;3.29.3&#8243; transform_scale=&#8220;115%|100%&#8220; transform_scale_linked=&#8220;off&#8220; transform_translate=&#8220;148px|15px&#8220; _i=&#8220;0&#8243; _address=&#8220;0.3.0.0&#8243;][\/et_pb_image][\/et_pb_column][\/et_pb_row][et_pb_row _builder_version=&#8220;3.29.3&#8243; width=&#8220;100%&#8220; custom_margin=&#8220;|auto||31px||&#8220; _i=&#8220;4&#8243; _address=&#8220;0.4&#8243;][et_pb_column type=&#8220;4_4&#8243; _builder_version=&#8220;3.25.4&#8243; _i=&#8220;0&#8243; _address=&#8220;0.4.0&#8243;][et_pb_image src=&#8220;http:\/\/viktor-ge.org\/wp-content\/uploads\/2019\/07\/web-1227_01.jpg&#8220; _builder_version=&#8220;3.29.3&#8243; transform_scale=&#8220;115%|100%&#8220; transform_scale_linked=&#8220;off&#8220; transform_translate=&#8220;148px|15px&#8220; _i=&#8220;0&#8243; _address=&#8220;0.4.0.0&#8243;][\/et_pb_image][\/et_pb_column][\/et_pb_row][et_pb_row _builder_version=&#8220;3.29.3&#8243; width=&#8220;100%&#8220; custom_margin=&#8220;|auto||31px||&#8220; _i=&#8220;5&#8243; _address=&#8220;0.5&#8243;][et_pb_column type=&#8220;4_4&#8243; _builder_version=&#8220;3.25.4&#8243; _i=&#8220;0&#8243; _address=&#8220;0.5.0&#8243;][et_pb_image src=&#8220;http:\/\/viktor-ge.org\/wp-content\/uploads\/2019\/07\/web-1255_01.jpg&#8220; _builder_version=&#8220;3.29.3&#8243; transform_scale=&#8220;115%|100%&#8220; transform_scale_linked=&#8220;off&#8220; transform_translate=&#8220;148px|15px&#8220; _i=&#8220;0&#8243; _address=&#8220;0.5.0.0&#8243;][\/et_pb_image][\/et_pb_column][\/et_pb_row][et_pb_row _builder_version=&#8220;3.29.3&#8243; width=&#8220;100%&#8220; custom_margin=&#8220;|auto||31px||&#8220; _i=&#8220;6&#8243; _address=&#8220;0.6&#8243;][et_pb_column type=&#8220;4_4&#8243; _builder_version=&#8220;3.25.4&#8243; _i=&#8220;0&#8243; _address=&#8220;0.6.0&#8243;][et_pb_image src=&#8220;http:\/\/viktor-ge.org\/wp-content\/uploads\/2019\/07\/DSCN1260.jpg&#8220; _builder_version=&#8220;3.29.3&#8243; transform_scale=&#8220;115%|100%&#8220; transform_scale_linked=&#8220;off&#8220; transform_translate=&#8220;148px|15px&#8220; _i=&#8220;0&#8243; _address=&#8220;0.6.0.0&#8243;][\/et_pb_image][\/et_pb_column][\/et_pb_row][et_pb_row _builder_version=&#8220;3.29.3&#8243; width=&#8220;94.8%&#8220; custom_margin=&#8220;0px||||false|false&#8220; custom_padding=&#8220;34px|||||&#8220; _i=&#8220;7&#8243; _address=&#8220;0.7&#8243;][et_pb_column type=&#8220;4_4&#8243; _builder_version=&#8220;3.25.4&#8243; _i=&#8220;0&#8243; _address=&#8220;0.7.0&#8243;][et_pb_text _builder_version=&#8220;3.29.3&#8243; _i=&#8220;0&#8243; _address=&#8220;0.7.0.0&#8243;]<\/p>\n<p><span style=\"color: #ffffff;\">Das Aufstellen des Stelenrohlings in Osthofen war eine gro\u00dfe Herausforderung. Mit zwei Kr\u00e4nen musste die an Gurten h\u00e4ngende und schwankende S\u00e4ule in der Luft von der horizontalen in die vertikale Lage gebracht werden, um dann passgenau auf den Sockel gesetzt zu werden.<\/span><\/p>\n<p>[\/et_pb_text][\/et_pb_column][\/et_pb_row][et_pb_row _builder_version=&#8220;3.29.3&#8243; width=&#8220;100%&#8220; custom_margin=&#8220;|auto||31px||&#8220; _i=&#8220;8&#8243; _address=&#8220;0.8&#8243;][et_pb_column type=&#8220;4_4&#8243; _builder_version=&#8220;3.25.4&#8243; _i=&#8220;0&#8243; _address=&#8220;0.8.0&#8243;][et_pb_image src=&#8220;http:\/\/viktor-ge.org\/wp-content\/uploads\/2019\/07\/web-0019_01.jpg&#8220; _builder_version=&#8220;3.29.3&#8243; transform_scale=&#8220;115%|100%&#8220; transform_scale_linked=&#8220;off&#8220; transform_translate=&#8220;148px|15px&#8220; _i=&#8220;0&#8243; _address=&#8220;0.8.0.0&#8243;][\/et_pb_image][\/et_pb_column][\/et_pb_row][et_pb_row _builder_version=&#8220;3.29.3&#8243; width=&#8220;100%&#8220; custom_margin=&#8220;|auto||31px||&#8220; _i=&#8220;9&#8243; _address=&#8220;0.9&#8243;][et_pb_column type=&#8220;4_4&#8243; _builder_version=&#8220;3.25.4&#8243; _i=&#8220;0&#8243; _address=&#8220;0.9.0&#8243;][et_pb_image src=&#8220;http:\/\/viktor-ge.org\/wp-content\/uploads\/2019\/07\/web-0024_01.jpg&#8220; _builder_version=&#8220;3.29.3&#8243; transform_scale=&#8220;115%|100%&#8220; transform_scale_linked=&#8220;off&#8220; transform_translate=&#8220;148px|15px&#8220; _i=&#8220;0&#8243; _address=&#8220;0.9.0.0&#8243;][\/et_pb_image][\/et_pb_column][\/et_pb_row][et_pb_row _builder_version=&#8220;3.29.3&#8243; width=&#8220;100%&#8220; custom_margin=&#8220;|auto||31px||&#8220; _i=&#8220;10&#8243; _address=&#8220;0.10&#8243;][et_pb_column type=&#8220;4_4&#8243; _builder_version=&#8220;3.25.4&#8243; _i=&#8220;0&#8243; _address=&#8220;0.10.0&#8243;][et_pb_image src=&#8220;http:\/\/viktor-ge.org\/wp-content\/uploads\/2019\/07\/web-8_01-1.jpg&#8220; _builder_version=&#8220;3.29.3&#8243; transform_scale=&#8220;115%|100%&#8220; transform_scale_linked=&#8220;off&#8220; transform_translate=&#8220;148px|15px&#8220; _i=&#8220;0&#8243; _address=&#8220;0.10.0.0&#8243;][\/et_pb_image][\/et_pb_column][\/et_pb_row][et_pb_row _builder_version=&#8220;3.29.3&#8243; width=&#8220;100%&#8220; custom_margin=&#8220;|auto||31px||&#8220; _i=&#8220;11&#8243; _address=&#8220;0.11&#8243;][et_pb_column type=&#8220;4_4&#8243; _builder_version=&#8220;3.25.4&#8243; _i=&#8220;0&#8243; _address=&#8220;0.11.0&#8243;][et_pb_image src=&#8220;http:\/\/viktor-ge.org\/wp-content\/uploads\/2019\/07\/web-9_01.jpg&#8220; _builder_version=&#8220;3.29.3&#8243; transform_scale=&#8220;115%|100%&#8220; transform_scale_linked=&#8220;off&#8220; transform_translate=&#8220;148px|15px&#8220; _i=&#8220;0&#8243; _address=&#8220;0.11.0.0&#8243;][\/et_pb_image][\/et_pb_column][\/et_pb_row][et_pb_row _builder_version=&#8220;3.29.3&#8243; width=&#8220;100%&#8220; custom_margin=&#8220;|auto||31px||&#8220; _i=&#8220;12&#8243; _address=&#8220;0.12&#8243;][et_pb_column type=&#8220;4_4&#8243; _builder_version=&#8220;3.25.4&#8243; _i=&#8220;0&#8243; _address=&#8220;0.12.0&#8243;][et_pb_image src=&#8220;http:\/\/viktor-ge.org\/wp-content\/uploads\/2019\/10\/Osthofen-9.jpg&#8220; _builder_version=&#8220;3.29.3&#8243; transform_scale=&#8220;115%|100%&#8220; transform_scale_linked=&#8220;off&#8220; transform_translate=&#8220;148px|15px&#8220; _i=&#8220;0&#8243; _address=&#8220;0.12.0.0&#8243;][\/et_pb_image][\/et_pb_column][\/et_pb_row][et_pb_row _builder_version=&#8220;3.29.3&#8243;][et_pb_column _builder_version=&#8220;3.29.3&#8243; type=&#8220;4_4&#8243;][et_pb_text _builder_version=&#8220;3.29.3&#8243; hover_enabled=&#8220;0&#8243;]<\/p>\n<p class=\"p1\"><span style=\"color: #ffffff;\">F\u00fcr Passanten, Reisende und Besucher des Eiscaf\u00e9s am Bahnhof war meine Arbeit an der Stele eine Attraktion. Interessierte B\u00fcrger verfolgten \u00fcber mehrere Wochen den Entstehungsprozess der Stele mit ihren symbolischen Bez\u00fcgen zu Personen und Ereignissen aus der Osthofener Geschichte.<\/span><\/p>\n<p>[\/et_pb_text][\/et_pb_column][\/et_pb_row][et_pb_row _builder_version=&#8220;3.29.3&#8243;][et_pb_column _builder_version=&#8220;3.29.3&#8243; type=&#8220;4_4&#8243;][et_pb_image src=&#8220;http:\/\/viktor-ge.org\/wp-content\/uploads\/2019\/07\/DSCN1387.jpg&#8220; _builder_version=&#8220;3.29.3&#8243; hover_enabled=&#8220;0&#8243;][\/et_pb_image][et_pb_image src=&#8220;http:\/\/viktor-ge.org\/wp-content\/uploads\/2019\/07\/web-29_01.jpg&#8220; _builder_version=&#8220;3.29.3&#8243; hover_enabled=&#8220;0&#8243;][\/et_pb_image][et_pb_image src=&#8220;http:\/\/viktor-ge.org\/wp-content\/uploads\/2019\/07\/web-25_01.jpg&#8220; _builder_version=&#8220;3.29.3&#8243; hover_enabled=&#8220;0&#8243;][\/et_pb_image][\/et_pb_column][\/et_pb_row][et_pb_row _builder_version=&#8220;3.29.3&#8243;][et_pb_column _builder_version=&#8220;3.29.3&#8243; type=&#8220;4_4&#8243;][et_pb_text _builder_version=&#8220;3.29.3&#8243; hover_enabled=&#8220;0&#8243;]<\/p>\n<p class=\"p1\"><span style=\"color: #ffffff;\">Auf der Westseite der Stele befindet sich, in Anlehnung an die nat\u00fcrliche Form des Steins, eine Abstraktion des Fischbauchtr\u00e4gers oder Paulitr\u00e4gers, durch den der Bau gr\u00f6\u00dferer Br\u00fccken aus Eisen erst m\u00f6glich wurde. August von Pauli *1802 Osthofen +1883 Bad Kissingen, Oberbaudirektor der Bayrischen Staatsbahnen war ein genialer Ingenieur und Erfinder dieser Br\u00fcckenkonstruktionen.<\/span><\/p>\n<p>[\/et_pb_text][\/et_pb_column][\/et_pb_row][et_pb_row _builder_version=&#8220;3.29.3&#8243;][et_pb_column _builder_version=&#8220;3.29.3&#8243; type=&#8220;4_4&#8243;][et_pb_image src=&#8220;http:\/\/viktor-ge.org\/wp-content\/uploads\/2019\/07\/DSCN1448.jpg&#8220; _builder_version=&#8220;3.29.3&#8243; hover_enabled=&#8220;0&#8243;][\/et_pb_image][\/et_pb_column][\/et_pb_row][et_pb_row _builder_version=&#8220;3.29.3&#8243; hover_enabled=&#8220;0&#8243;][et_pb_column _builder_version=&#8220;3.29.3&#8243; type=&#8220;4_4&#8243; hover_enabled=&#8220;0&#8243;][et_pb_text _builder_version=&#8220;3.29.3&#8243; hover_enabled=&#8220;0&#8243;]<\/p>\n<p class=\"p1\"><span style=\"color: #ffffff;\">Die Stele wird auf der anderen Seite gekr\u00f6nt von dem Silo der Malzfabrik Schill, kein architektonischer Gl\u00fccksfall, aber ein weithin sichtbares Wahrzeichen der Stadt. Das Geb\u00e4ude erscheint auf der Stele seitenverkehrt und aus manchen Blickwinkeln erscheint es wie ein Felsenkloster im Himalaya.<\/span><\/p>\n<p>[\/et_pb_text][\/et_pb_column][\/et_pb_row][et_pb_row _builder_version=&#8220;3.29.3&#8243;][et_pb_column _builder_version=&#8220;3.29.3&#8243; type=&#8220;4_4&#8243;][et_pb_image src=&#8220;http:\/\/viktor-ge.org\/wp-content\/uploads\/2019\/07\/gv_a_8-1.jpg&#8220; _builder_version=&#8220;3.29.3&#8243; hover_enabled=&#8220;0&#8243;][\/et_pb_image][\/et_pb_column][\/et_pb_row][et_pb_row _builder_version=&#8220;3.29.3&#8243;][et_pb_column _builder_version=&#8220;3.29.3&#8243; type=&#8220;4_4&#8243;][et_pb_image src=&#8220;http:\/\/viktor-ge.org\/wp-content\/uploads\/2019\/07\/DSCN1332-1.jpg&#8220; _builder_version=&#8220;3.29.3&#8243; hover_enabled=&#8220;0&#8243;][\/et_pb_image][\/et_pb_column][\/et_pb_row][et_pb_row _builder_version=&#8220;3.29.3&#8243;][et_pb_column _builder_version=&#8220;3.29.3&#8243; type=&#8220;4_4&#8243;][et_pb_image src=&#8220;http:\/\/viktor-ge.org\/wp-content\/uploads\/2019\/07\/DSCN2560-1.jpg&#8220; _builder_version=&#8220;3.29.3&#8243; hover_enabled=&#8220;0&#8243;][\/et_pb_image][\/et_pb_column][\/et_pb_row][et_pb_row _builder_version=&#8220;3.29.3&#8243;][et_pb_column _builder_version=&#8220;3.29.3&#8243; type=&#8220;4_4&#8243;][et_pb_image src=&#8220;http:\/\/viktor-ge.org\/wp-content\/uploads\/2019\/07\/st_20-1.jpg&#8220; _builder_version=&#8220;3.29.3&#8243; hover_enabled=&#8220;0&#8243;][\/et_pb_image][\/et_pb_column][\/et_pb_row][et_pb_row _builder_version=&#8220;3.29.3&#8243;][et_pb_column _builder_version=&#8220;3.29.3&#8243; type=&#8220;4_4&#8243;][et_pb_image src=&#8220;http:\/\/viktor-ge.org\/wp-content\/uploads\/2019\/07\/web-1050470_01.jpg&#8220; _builder_version=&#8220;3.29.3&#8243; hover_enabled=&#8220;0&#8243;][\/et_pb_image][\/et_pb_column][\/et_pb_row][et_pb_row _builder_version=&#8220;3.29.3&#8243;][et_pb_column _builder_version=&#8220;3.29.3&#8243; type=&#8220;4_4&#8243;][et_pb_image src=&#8220;http:\/\/viktor-ge.org\/wp-content\/uploads\/2019\/07\/DSCN4402-1.jpg&#8220; _builder_version=&#8220;3.29.3&#8243; hover_enabled=&#8220;0&#8243;][\/et_pb_image][\/et_pb_column][\/et_pb_row][et_pb_row _builder_version=&#8220;3.29.3&#8243;][et_pb_column _builder_version=&#8220;3.29.3&#8243; type=&#8220;4_4&#8243;][et_pb_text _builder_version=&#8220;3.29.3&#8243; hover_enabled=&#8220;0&#8243;]<\/p>\n<p class=\"p1\"><span style=\"color: #ffffff;\">Auf der Nordseite der Stele habe ich ein eher dunkles Kapitel der Osthofener Stadtgeschichte symbolisch aufgegriffen. Eine Holzt\u00fcr, die sich heute noch im ersten Stock der KZ-Gedenkst\u00e4tte befindet und an das Eingesperrtsein erinnert.<\/span><\/p>\n<p>[\/et_pb_text][\/et_pb_column][\/et_pb_row][et_pb_row _builder_version=&#8220;3.29.3&#8243;][et_pb_column _builder_version=&#8220;3.29.3&#8243; type=&#8220;4_4&#8243;][et_pb_image src=&#8220;http:\/\/viktor-ge.org\/wp-content\/uploads\/2019\/07\/DSCN1430.jpg&#8220; _builder_version=&#8220;3.29.3&#8243; hover_enabled=&#8220;0&#8243;][\/et_pb_image][\/et_pb_column][\/et_pb_row][et_pb_row _builder_version=&#8220;3.29.3&#8243;][et_pb_column _builder_version=&#8220;3.29.3&#8243; type=&#8220;4_4&#8243;][et_pb_image src=&#8220;http:\/\/viktor-ge.org\/wp-content\/uploads\/2019\/07\/gv_49_2.jpg&#8220; _builder_version=&#8220;3.29.3&#8243; hover_enabled=&#8220;0&#8243;][\/et_pb_image][\/et_pb_column][\/et_pb_row][et_pb_row _builder_version=&#8220;3.29.3&#8243;][et_pb_column _builder_version=&#8220;3.29.3&#8243; type=&#8220;4_4&#8243;][et_pb_image src=&#8220;http:\/\/viktor-ge.org\/wp-content\/uploads\/2019\/07\/web-54_01.jpg&#8220; _builder_version=&#8220;3.29.3&#8243; hover_enabled=&#8220;0&#8243;][\/et_pb_image][\/et_pb_column][\/et_pb_row][et_pb_row _builder_version=&#8220;3.29.3&#8243;][et_pb_column _builder_version=&#8220;3.29.3&#8243; type=&#8220;4_4&#8243;][et_pb_text _builder_version=&#8220;3.29.3&#8243; hover_enabled=&#8220;0&#8243;]<\/p>\n<p class=\"p1\"><span style=\"color: #ffffff;\">Wendelin Wei\u00dfheimer *1838 Osthofen +1910 N\u00fcrnberg, war ein bedeutender Komponist und Kapellmeister, Sch\u00fcler Liszts und Freund von Ferdinand Lassalle. Er schrieb Opern, Symphonien und viele Lieder, dirigierte an der Mail\u00e4nder Scala und in seinen letzten Lebensjahren leitete er auch die Massench\u00f6re auf den sozialdemokratischen Parteitagen. Zu seiner Beerdigung in N\u00fcrnberg kamen 30 000 Menschen. Das von ihm benutzte Metronom, das sich noch heute im Besitz der Familie in der Osthofener Steinm\u00fchle befindet, wurde auf der Nordseite der Stele als Erinnerung an diesen ber\u00fchmten Sohn der Stadt dargestellt.<\/span><\/p>\n<p>[\/et_pb_text][\/et_pb_column][\/et_pb_row][et_pb_row _builder_version=&#8220;3.29.3&#8243;][et_pb_column _builder_version=&#8220;3.29.3&#8243; type=&#8220;4_4&#8243;][et_pb_image src=&#8220;http:\/\/viktor-ge.org\/wp-content\/uploads\/2019\/07\/gv_32.jpg&#8220; _builder_version=&#8220;3.29.3&#8243; hover_enabled=&#8220;0&#8243;][\/et_pb_image][\/et_pb_column][\/et_pb_row][et_pb_row _builder_version=&#8220;3.29.3&#8243;][et_pb_column _builder_version=&#8220;3.29.3&#8243; type=&#8220;4_4&#8243;][et_pb_text _builder_version=&#8220;3.29.3&#8243; hover_enabled=&#8220;0&#8243;]<\/p>\n<p class=\"p1\"><span style=\"color: #ffffff;\">Auch Richard Wagner war ein Freund Wei\u00dfheimers und \u00f6fters in der Steinm\u00fchle zu Gast. Wagner, immer in Geldn\u00f6ten lieh sich von Wendelins Vater, B\u00fcrgermeister Johann Wei\u00dfheimer eine betr\u00e4chtliche Summe und \u00fcberlies daf\u00fcr als Pfand die handschriftliche Originalpartitur seiner Oper \u201eWalk\u00fcre\u201c. Der Anfang des Walk\u00fcrenritts aus dem 3. Akt habe ich deshalb zus\u00e4tzlich auf der Nordseite der Stele verewigt.<\/span><\/p>\n<p>[\/et_pb_text][\/et_pb_column][\/et_pb_row][et_pb_row _builder_version=&#8220;3.29.3&#8243;][et_pb_column _builder_version=&#8220;3.29.3&#8243; type=&#8220;4_4&#8243;][et_pb_image src=&#8220;http:\/\/viktor-ge.org\/wp-content\/uploads\/2019\/07\/st_02.jpg&#8220; _builder_version=&#8220;3.29.3&#8243; hover_enabled=&#8220;0&#8243;][\/et_pb_image][\/et_pb_column][\/et_pb_row][et_pb_row _builder_version=&#8220;3.29.3&#8243;][et_pb_column _builder_version=&#8220;3.29.3&#8243; type=&#8220;4_4&#8243;][et_pb_text _builder_version=&#8220;3.29.3&#8243; hover_enabled=&#8220;0&#8243;]<\/p>\n<p class=\"p1\"><span style=\"color: #ffffff;\">Dietrich Gr\u00fcn *1847 Osthofen *1910 bei einer Schiffsreise, war ein bedeutender Uhrenfabrikant in der Schweiz und den USA. (Gruen Watch Company) Er war Inhaber von Patenten, sein Safety Pinion war u. a. eine revolution\u00e4re Erfindung, er verhinderte das Herausspringen der Feder. Die erste wasserdichte Uhr und die amerikanische Milit\u00e4ruhr basieren auf seiner Arbeit. Zur Erinnerung an ihn habe ich die in die Ostseite der Stele gemei\u00dfelten Zahnr\u00e4der von links oben nach rechts unten schraffiert. In der Heraldik (Wappenkunde) steht diese Schraffur f\u00fcr die Farbe Gr\u00fcn.<\/span><\/p>\n<p>[\/et_pb_text][\/et_pb_column][\/et_pb_row][et_pb_row _builder_version=&#8220;3.29.3&#8243;][et_pb_column _builder_version=&#8220;3.29.3&#8243; type=&#8220;4_4&#8243;][et_pb_image src=&#8220;http:\/\/viktor-ge.org\/wp-content\/uploads\/2019\/07\/gv_01.jpg&#8220; _builder_version=&#8220;3.29.3&#8243; hover_enabled=&#8220;0&#8243;][\/et_pb_image][\/et_pb_column][\/et_pb_row][et_pb_row _builder_version=&#8220;3.29.3&#8243;][et_pb_column _builder_version=&#8220;3.29.3&#8243; type=&#8220;4_4&#8243;][et_pb_text _builder_version=&#8220;3.29.3&#8243; hover_enabled=&#8220;0&#8243;]<\/p>\n<p><span style=\"color: #ffffff;\">Friedrich Magnus Schwerd *1792 Osthofen +1871 Speyer, Geod\u00e4t, Astronom und Physiker, entwickelte spezielle Verfahren f\u00fcr Vermessungen. 1751 Sterne hat er selbst vermessen. Seine Schwerdsche kleine Basis wird heute immer noch bei der Landvermessung eingesetzt.<\/span><\/p>\n<p><span style=\"color: #ffffff;\">Die Sternbilder des gro\u00dfen und kleinen B\u00e4ren mit dem Polarsten dienten schon zu Urzeiten als Orientierung. Symbolhaft befinden sie sich nun auf der S\u00fcdseite der Stele. In sternklaren N\u00e4chten sieht man diese Konstellation mit dem Polarstern direkt hinter der Stele.<\/span><\/p>\n<p>[\/et_pb_text][\/et_pb_column][\/et_pb_row][et_pb_row _builder_version=&#8220;3.29.3&#8243;][et_pb_column _builder_version=&#8220;3.29.3&#8243; type=&#8220;4_4&#8243;][et_pb_image src=&#8220;http:\/\/viktor-ge.org\/wp-content\/uploads\/2019\/07\/st_01.jpg&#8220; _builder_version=&#8220;3.29.3&#8243; hover_enabled=&#8220;0&#8243;][\/et_pb_image][\/et_pb_column][\/et_pb_row][et_pb_row _builder_version=&#8220;3.29.3&#8243;][et_pb_column _builder_version=&#8220;3.29.3&#8243; type=&#8220;4_4&#8243;][et_pb_text _builder_version=&#8220;3.29.3&#8243; hover_enabled=&#8220;0&#8243;]<\/p>\n<p class=\"p1\"><span style=\"color: #ffffff;\">Der Bau der Eisenbahnlinie zwischen Mainz und Worms im 19. Jahrhundert brachte f\u00fcr Osthofen einen wirtschaftlichen Aufschwung. In Bahnhofsn\u00e4he entstanden herrschaftliche Villen.<\/span><\/p>\n<p class=\"p2\">\n<p class=\"p1\"><span style=\"color: #ffffff;\">Die original Bohrl\u00f6cher am unteren Teil der Stele abstrahierte ich zu einem Schienenstrang und schuf damit eine Verbindung zum Bahnhof und dessen neugestalteten Vorplatz.<\/span><\/p>\n<p>[\/et_pb_text][\/et_pb_column][\/et_pb_row][et_pb_row _builder_version=&#8220;3.29.3&#8243;][et_pb_column _builder_version=&#8220;3.29.3&#8243; type=&#8220;4_4&#8243;][et_pb_image src=&#8220;http:\/\/viktor-ge.org\/wp-content\/uploads\/2019\/07\/gv_04.jpg&#8220; _builder_version=&#8220;3.29.3&#8243; hover_enabled=&#8220;0&#8243;][\/et_pb_image][\/et_pb_column][\/et_pb_row][et_pb_row _builder_version=&#8220;3.29.3&#8243;][et_pb_column _builder_version=&#8220;3.29.3&#8243; type=&#8220;4_4&#8243;][et_pb_text _builder_version=&#8220;3.29.3&#8243; hover_enabled=&#8220;0&#8243;]<\/p>\n<p class=\"p1\"><span style=\"color: #ffffff;\">Hier noch einige Eindr\u00fccke :<\/span><\/p>\n<p>[\/et_pb_text][\/et_pb_column][\/et_pb_row][et_pb_row _builder_version=&#8220;3.29.3&#8243;][et_pb_column _builder_version=&#8220;3.29.3&#8243; type=&#8220;4_4&#8243;][et_pb_image src=&#8220;http:\/\/viktor-ge.org\/wp-content\/uploads\/2019\/07\/P1050453.jpg&#8220; _builder_version=&#8220;3.29.3&#8243; hover_enabled=&#8220;0&#8243;][\/et_pb_image][\/et_pb_column][\/et_pb_row][et_pb_row _builder_version=&#8220;3.29.3&#8243;][et_pb_column _builder_version=&#8220;3.29.3&#8243; type=&#8220;4_4&#8243;][et_pb_image src=&#8220;http:\/\/viktor-ge.org\/wp-content\/uploads\/2019\/07\/st_04.jpg&#8220; _builder_version=&#8220;3.29.3&#8243; hover_enabled=&#8220;0&#8243;][\/et_pb_image][\/et_pb_column][\/et_pb_row][et_pb_row _builder_version=&#8220;3.29.3&#8243; custom_padding=&#8220;2px|||||&#8220;][et_pb_column _builder_version=&#8220;3.29.3&#8243; type=&#8220;4_4&#8243;][et_pb_image src=&#8220;http:\/\/viktor-ge.org\/wp-content\/uploads\/2019\/07\/web-1922_01.jpg&#8220; _builder_version=&#8220;3.29.3&#8243; hover_enabled=&#8220;0&#8243;][\/et_pb_image][\/et_pb_column][\/et_pb_row][et_pb_row _builder_version=&#8220;3.29.3&#8243;][et_pb_column _builder_version=&#8220;3.29.3&#8243; type=&#8220;4_4&#8243;][et_pb_image src=&#8220;http:\/\/viktor-ge.org\/wp-content\/uploads\/2019\/07\/web-1924_01.jpg&#8220; _builder_version=&#8220;3.29.3&#8243; hover_enabled=&#8220;0&#8243;][\/et_pb_image][\/et_pb_column][\/et_pb_row][et_pb_row _builder_version=&#8220;3.29.3&#8243;][et_pb_column _builder_version=&#8220;3.29.3&#8243; type=&#8220;4_4&#8243;][et_pb_image src=&#8220;http:\/\/viktor-ge.org\/wp-content\/uploads\/2019\/07\/web-1941_01.jpg&#8220; _builder_version=&#8220;3.29.3&#8243; hover_enabled=&#8220;0&#8243;][\/et_pb_image][\/et_pb_column][\/et_pb_row][\/et_pb_section]<\/p>\n","protected":false},"excerpt":{"rendered":"<p>Eine Stele f\u00fcr Osthofen \u00a0 \u00a0 In der lieblichen Gegend des rheinhessischen Wonnegaus, wenige Kilometer n\u00f6rdlich der Nibelungenstadt Worms am Rhein, liegt die kleine Stadt Osthofen. Im Rahmen der Umgestaltung des Osthofener Bahnhofvorplatzes bekam ich 2009 den Auftrag f\u00fcr eine Stele aus Sandstein. In diesem Zusammenhang habe ich mich intensiv mit der Vergangenheit Osthofens besch\u00e4ftigt [&hellip;]<\/p>\n","protected":false},"author":3,"featured_media":0,"parent":0,"menu_order":0,"comment_status":"closed","ping_status":"closed","template":"","meta":{"_et_pb_use_builder":"on","_et_pb_old_content":"","_et_gb_content_width":"","footnotes":""},"class_list":["post-748","page","type-page","status-publish","hentry"],"_links":{"self":[{"href":"https:\/\/viktor-ge.org\/index.php?rest_route=\/wp\/v2\/pages\/748"}],"collection":[{"href":"https:\/\/viktor-ge.org\/index.php?rest_route=\/wp\/v2\/pages"}],"about":[{"href":"https:\/\/viktor-ge.org\/index.php?rest_route=\/wp\/v2\/types\/page"}],"author":[{"embeddable":true,"href":"https:\/\/viktor-ge.org\/index.php?rest_route=\/wp\/v2\/users\/3"}],"replies":[{"embeddable":true,"href":"https:\/\/viktor-ge.org\/index.php?rest_route=%2Fwp%2Fv2%2Fcomments&post=748"}],"version-history":[{"count":25,"href":"https:\/\/viktor-ge.org\/index.php?rest_route=\/wp\/v2\/pages\/748\/revisions"}],"predecessor-version":[{"id":1041,"href":"https:\/\/viktor-ge.org\/index.php?rest_route=\/wp\/v2\/pages\/748\/revisions\/1041"}],"wp:attachment":[{"href":"https:\/\/viktor-ge.org\/index.php?rest_route=%2Fwp%2Fv2%2Fmedia&parent=748"}],"curies":[{"name":"wp","href":"https:\/\/api.w.org\/{rel}","templated":true}]}}