{"id":649,"date":"2019-07-11T17:27:48","date_gmt":"2019-07-11T17:27:48","guid":{"rendered":"http:\/\/wp.viktor-ge.org\/?page_id=649"},"modified":"2019-07-11T17:32:05","modified_gmt":"2019-07-11T17:32:05","slug":"impressum-datenschutzhinweise","status":"publish","type":"page","link":"https:\/\/viktor-ge.org\/?page_id=649","title":{"rendered":"Impressum\/Datenschutzhinweise"},"content":{"rendered":"<p>[et_pb_section fb_built=&#8220;1&#8243; background_color=&#8220;#606060&#8243; _builder_version=&#8220;3.25.4&#8243;][et_pb_row hover_enabled=&#8220;0&#8243; width=&#8220;100%&#8220; max_width=&#8220;2160px&#8220; min_height=&#8220;115px&#8220; _builder_version=&#8220;3.25.4&#8243; max_width_last_edited=&#8220;on|desktop&#8220; custom_padding=&#8220;5px||0px|||&#8220;][et_pb_column type=&#8220;4_4&#8243; _builder_version=&#8220;3.25.4&#8243;][et_pb_image src=&#8220;http:\/\/wp.viktor-ge.org\/wp-content\/uploads\/2019\/07\/header1.png&#8220; align=&#8220;center&#8220; force_fullwidth=&#8220;on&#8220; _builder_version=&#8220;3.25.4&#8243;][\/et_pb_image][\/et_pb_column][\/et_pb_row][et_pb_row _builder_version=&#8220;3.25.4&#8243;][et_pb_column type=&#8220;4_4&#8243; _builder_version=&#8220;3.25.4&#8243;][et_pb_text _builder_version=&#8220;3.25.4&#8243;]<\/p>\n<div id=\"c156\" class=\"csc-default\">\n<h1 class=\"csc-firstHeader\"><span style=\"color: #ffffff;\">Disclaimer &#8211; rechtliche Hinweise<\/span><\/h1>\n<h2><span style=\"color: #ffffff;\">1. Haftungsbeschr\u00e4nkung<\/span><\/h2>\n<p><span style=\"color: #ffffff;\">Die Inhalte dieser Website werden mit gr\u00f6\u00dftm\u00f6glicher Sorgfalt erstellt. Der Anbieter \u00fcbernimmt jedoch keine Gew\u00e4hr f\u00fcr die Richtigkeit, Vollst\u00e4ndigkeit und Aktualit\u00e4t der bereitgestellten Inhalte. Die Nutzung der Inhalte der Website erfolgt auf eigene<\/span><\/p>\n<p><span style=\"color: #ffffff;\">Gefahr des Nutzers. Namentlich gekennzeichnete Beitr\u00e4ge geben die Meinung des jeweiligen Autors und nicht immer die Meinung des Anbieters wieder. Mit der reinen Nutzung der Website des Anbieters kommt keinerlei Vertragsverh\u00e4ltnis zwischen dem Nutzer und dem Anbieter zustande.<\/span><\/p>\n<h2><span style=\"color: #ffffff;\">2. Externe Links<\/span><\/h2>\n<p><span style=\"color: #ffffff;\">Diese Website enth\u00e4lt Verkn\u00fcpfungen zu Websites Dritter (&#8222;externe\u00a0Links&#8220;). Diese Websites unterliegen der Haftung der jeweiligen\u00a0Betreiber. Der Anbieter hat bei der erstmaligen Verkn\u00fcpfung der\u00a0externen Links die fremden Inhalte daraufhin \u00fcberpr\u00fcft, ob etwaige\u00a0Rechtsverst\u00f6\u00dfe bestehen. Zu dem Zeitpunkt waren keine\u00a0Rechtsverst\u00f6\u00dfe ersichtlich. Der Anbieter hat keinerlei Einfluss auf\u00a0die aktuelle und zuk\u00fcnftige Gestaltung und auf die Inhalte der\u00a0verkn\u00fcpften Seiten. Das Setzen von externen Links bedeutet nicht,\u00a0dass sich der Anbieter die hinter dem Verweis oder Link liegenden\u00a0Inhalte zu Eigen macht. Eine st\u00e4ndige Kontrolle dieser externen\u00a0Links ist f\u00fcr den Anbieter ohne konkrete Hinweise auf\u00a0Rechtsverst\u00f6\u00dfe nicht zumutbar. Bei Kenntnis von Rechtsverst\u00f6\u00dfen\u00a0werden jedoch derartige externe Links unverz\u00fcglich gel\u00f6scht.<\/span><\/p>\n<h2><span style=\"color: #ffffff;\">3. Urheber- und Leistungsschutzrechte<\/span><\/h2>\n<p><span style=\"color: #ffffff;\">Die auf dieser Website ver\u00f6ffentlichten Inhalte unterliegen dem deutschen Urheber- und Leistungsschutzrecht. Jede vom deutschen Urheber- und Leistungsschutzrecht nicht zugelassene Verwertung bedarf der vorherigen schriftlichen Zustimmung des Anbieters oder jeweiligen Rechteinhabers. Dies gilt insbesondere f\u00fcr Vervielf\u00e4ltigung, Bearbeitung, \u00dcbersetzung, Einspeicherung, Verarbeitung bzw. Wiedergabe von Inhalten in Datenbanken oder anderen elektronischen Medien und Systemen. Inhalte und Rechte Dritter sind dabei als solche gekennzeichnet. Die unerlaubte Vervielf\u00e4ltigung oder Weitergabe einzelner Inhalte oder kompletter Seiten ist nicht gestattet und strafbar. Lediglich die Herstellung von Kopien und Downloads f\u00fcr den pers\u00f6nlichen, privaten und nicht kommerziellen Gebrauch ist erlaubt.<\/span><\/p>\n<p><span style=\"color: #ffffff;\">Die Darstellung dieser Website in fremden Frames ist nur mit schriftlicher Erlaubnis zul\u00e4ssig.<\/span><\/p>\n<h2><span style=\"color: #ffffff;\">4. Datenschutz<\/span><\/h2>\n<p><span style=\"color: #ffffff;\">Durch den Besuch der Website des Anbieters k\u00f6nnen Informationen \u00fcber den Zugriff (Datum, Uhrzeit, betrachtete Seite) gespeichert werden. Diese Daten geh\u00f6ren nicht zu den<\/span><\/p>\n<p><span style=\"color: #ffffff;\">personenbezogenen Daten, sondern sind anonymisiert. Sie werden\u00a0ausschlie\u00dflich zu statistischen Zwecken ausgewertet. Eine\u00a0Weitergabe an Dritte, zu kommerziellen oder nichtkommerziellen\u00a0Zwecken, findet nicht statt.\u00a0<\/span><\/p>\n<p><span style=\"color: #ffffff;\">Der Anbieter weist ausdr\u00fccklich darauf hin, dass die\u00a0Daten\u00fcbertragung im Internet (z.B. bei der Kommunikation per\u00a0E-Mail) Sicherheitsl\u00fccken aufweisen und nicht l\u00fcckenlos vor dem\u00a0Zugriff durch Dritte gesch\u00fctzt werden kann.<\/span><\/p>\n<p><span style=\"color: #ffffff;\">Die Verwendung der Kontaktdaten des Impressums zur gewerblichen Werbung ist ausdr\u00fccklich nicht erw\u00fcnscht, es sei denn der Anbieter hatte zuvor seine schriftliche Einwilligung erteilt oder es besteht bereits eine Gesch\u00e4ftsbeziehung. Der Anbieter und alle auf dieser Website genannten Personen widersprechen hiermit jeder kommerziellen Verwendung und Weitergabe ihrer Daten.<\/span><\/p>\n<h2><span style=\"color: #ffffff;\">5. Besondere Nutzungsbedingungen<\/span><\/h2>\n<p><span style=\"color: #ffffff;\">Soweit besondere Bedingungen f\u00fcr einzelne Nutzungen dieser Website\u00a0von den vorgenannten Nummern 1. bis 4. abweichen, wird an\u00a0entsprechender Stelle ausdr\u00fccklich darauf hingewiesen. In diesem\u00a0Falle gelten im jeweiligen Einzelfall die besonderen\u00a0Nutzungsbedingungen.<\/span><\/p>\n<p><span style=\"color: #ffffff;\">Quelle:\u00a0<a href=\"http:\/\/www.juraforum.de\/\" title=\"forum\" style=\"color: #ffffff;\">Juraforum.de<\/a>\u00a0<\/span><\/p>\n<p><span style=\"color: #ffffff;\">\u00a0<\/span><\/p>\n<p><span style=\"color: #ffffff;\">\u00a0<\/span><\/p>\n<p><span style=\"color: #ffffff;\">\u00a0<\/span><\/p>\n<\/div>\n<div id=\"c208\" class=\"csc-default\">\n<h1><span style=\"color: #ffffff;\">Impressum\/Imprint<\/span><\/h1>\n<div class=\"csc-textpic csc-textpic-center csc-textpic-above\">\n<div class=\"csc-textpic-imagewrap\">\n<div class=\"csc-textpic-center-outer\">\n<div class=\"csc-textpic-center-inner\">\n<div class=\"csc-textpic-image csc-textpic-last\"><span style=\"color: #ffffff;\"><img loading=\"lazy\" decoding=\"async\" src=\"http:\/\/viktor-ge.org\/uploads\/pics\/Adresse_MedKom.jpg\" width=\"600\" height=\"180\" border=\"0\" alt=\"\" \/><\/span><\/div>\n<\/div>\n<\/div>\n<\/div>\n<\/div>\n<\/div>\n<p>[\/et_pb_text][\/et_pb_column][\/et_pb_row][\/et_pb_section]<\/p>\n","protected":false},"excerpt":{"rendered":"<p>Disclaimer &#8211; rechtliche Hinweise 1. Haftungsbeschr\u00e4nkung Die Inhalte dieser Website werden mit gr\u00f6\u00dftm\u00f6glicher Sorgfalt erstellt. Der Anbieter \u00fcbernimmt jedoch keine Gew\u00e4hr f\u00fcr die Richtigkeit, Vollst\u00e4ndigkeit und Aktualit\u00e4t der bereitgestellten Inhalte. Die Nutzung der Inhalte der Website erfolgt auf eigene Gefahr des Nutzers. Namentlich gekennzeichnete Beitr\u00e4ge geben die Meinung des jeweiligen Autors und nicht immer die [&hellip;]<\/p>\n","protected":false},"author":1,"featured_media":0,"parent":0,"menu_order":0,"comment_status":"closed","ping_status":"closed","template":"","meta":{"_et_pb_use_builder":"on","_et_pb_old_content":"","_et_gb_content_width":"","footnotes":""},"class_list":["post-649","page","type-page","status-publish","hentry"],"_links":{"self":[{"href":"https:\/\/viktor-ge.org\/index.php?rest_route=\/wp\/v2\/pages\/649"}],"collection":[{"href":"https:\/\/viktor-ge.org\/index.php?rest_route=\/wp\/v2\/pages"}],"about":[{"href":"https:\/\/viktor-ge.org\/index.php?rest_route=\/wp\/v2\/types\/page"}],"author":[{"embeddable":true,"href":"https:\/\/viktor-ge.org\/index.php?rest_route=\/wp\/v2\/users\/1"}],"replies":[{"embeddable":true,"href":"https:\/\/viktor-ge.org\/index.php?rest_route=%2Fwp%2Fv2%2Fcomments&post=649"}],"version-history":[{"count":4,"href":"https:\/\/viktor-ge.org\/index.php?rest_route=\/wp\/v2\/pages\/649\/revisions"}],"predecessor-version":[{"id":657,"href":"https:\/\/viktor-ge.org\/index.php?rest_route=\/wp\/v2\/pages\/649\/revisions\/657"}],"wp:attachment":[{"href":"https:\/\/viktor-ge.org\/index.php?rest_route=%2Fwp%2Fv2%2Fmedia&parent=649"}],"curies":[{"name":"wp","href":"https:\/\/api.w.org\/{rel}","templated":true}]}}