{"id":590,"date":"2019-07-11T10:52:08","date_gmt":"2019-07-11T10:52:08","guid":{"rendered":"http:\/\/wp.viktor-ge.org\/?page_id=590"},"modified":"2019-11-25T17:19:45","modified_gmt":"2019-11-25T16:19:45","slug":"potenza-2002","status":"publish","type":"page","link":"https:\/\/viktor-ge.org\/?page_id=590","title":{"rendered":"Potenza 2002"},"content":{"rendered":"<p>[et_pb_section fb_built=&#8220;1&#8243; _builder_version=&#8220;3.25.4&#8243; background_color=&#8220;#606060&#8243; hover_enabled=&#8220;0&#8243; fb_built=&#8220;1&#8243; _i=&#8220;0&#8243; _address=&#8220;0&#8243;][et_pb_row _builder_version=&#8220;3.25.4&#8243; width=&#8220;100%&#8220; _i=&#8220;0&#8243; _address=&#8220;0.0&#8243;][et_pb_column type=&#8220;4_4&#8243; _builder_version=&#8220;3.25.4&#8243; _i=&#8220;0&#8243; _address=&#8220;0.0.0&#8243;][et_pb_image src=&#8220;http:\/\/wp.viktor-ge.org\/wp-content\/uploads\/2019\/07\/header1.png&#8220; align=&#8220;center&#8220; force_fullwidth=&#8220;on&#8220; _builder_version=&#8220;3.25.4&#8243; _i=&#8220;0&#8243; _address=&#8220;0.0.0.0&#8243;][\/et_pb_image][\/et_pb_column][\/et_pb_row][et_pb_row _builder_version=&#8220;3.25.4&#8243; hover_enabled=&#8220;0&#8243; _i=&#8220;1&#8243; _address=&#8220;0.1&#8243; column_structure=&#8220;1_2,1_4,1_4&#8243;][et_pb_column type=&#8220;1_2&#8243; _builder_version=&#8220;3.25.4&#8243; _i=&#8220;0&#8243; _address=&#8220;0.1.0&#8243;][et_pb_text _builder_version=&#8220;3.27.4&#8243; _i=&#8220;0&#8243; _address=&#8220;0.1.0.0&#8243; custom_padding=&#8220;|4px||||&#8220; width=&#8220;100%&#8220; min_height=&#8220;533px&#8220;]<\/p>\n<h1 class=\"csc-header-alignment-center csc-firstHeader\"><span style=\"color: #ffffff;\">L&#8217;ATTESA<\/span><\/h1>\n<div class=\"csc-textpic csc-textpic-center csc-textpic-below\">\n<div class=\"csc-textpic-text\">\n<p class=\"align-center\"><span style=\"color: #ffffff;\">(Auferstanden aus Ruinen)<\/span><\/p>\n<p class=\"align-center\"><span style=\"color: #ffffff;\">\u00a0<\/span><\/p>\n<p class=\"align-justify\"><span style=\"color: #ffffff;\">Campomaggiore ist ein kleines Nest in der Provinz Potenza, direkt auf dem Fu\u00dfkn\u00f6chel des italienischen Stiefels. Vor etwa 200 Jahren wurde der Ort aus unerkl\u00e4rlichen Gr\u00fcnden verlassen und einige Kilometer oberhalb wieder aufgebaut. Das Symposium fand in der alten Ruinenstadt statt. Als Material hatten wir den lokalen gelblichen Sandstein.<\/span><\/p>\n<p class=\"align-justify\"><span style=\"color: #ffffff;\">\u00a0<\/span><\/p>\n<\/div>\n<div class=\"csc-textpic-imagewrap\">\n<div class=\"csc-textpic-center-outer\">\n<div class=\"csc-textpic-center-inner\">\n<div class=\"csc-textpic-imagerow\">\n<div class=\"csc-textpic-imagecolumn csc-textpic-firstcol csc-textpic-lastcol\">\n<div class=\"csc-textpic-image csc-textpic-last\"><span style=\"color: #ffffff;\"><img loading=\"lazy\" decoding=\"async\" src=\"http:\/\/viktor-ge.org\/typo3temp\/pics\/e2221a13ce.jpg\" width=\"500\" height=\"376\" border=\"0\" alt=\"\" \/><\/span><\/div>\n<\/div>\n<\/div>\n<div class=\"csc-textpic-imagerow\">\n<div class=\"csc-textpic-imagecolumn csc-textpic-firstcol csc-textpic-lastcol\">\n<div class=\"csc-textpic-image csc-textpic-last\"><span style=\"color: #ffffff;\"><img loading=\"lazy\" decoding=\"async\" src=\"http:\/\/viktor-ge.org\/typo3temp\/pics\/3a25ff1b92.jpg\" width=\"500\" height=\"376\" border=\"0\" alt=\"\" \/><\/span><\/div>\n<\/div>\n<\/div>\n<div class=\"csc-textpic-imagerow\">\n<div class=\"csc-textpic-imagecolumn csc-textpic-firstcol csc-textpic-lastcol\">\n<div class=\"csc-textpic-image csc-textpic-last\"><span style=\"color: #ffffff;\"><img loading=\"lazy\" decoding=\"async\" src=\"http:\/\/viktor-ge.org\/typo3temp\/pics\/d19cafe624.jpg\" width=\"500\" height=\"336\" border=\"0\" alt=\"\" \/><\/span><\/div>\n<\/div>\n<\/div>\n<div class=\"csc-textpic-imagerow\">\n<div class=\"csc-textpic-imagecolumn csc-textpic-firstcol csc-textpic-lastcol\">\n<div class=\"csc-textpic-image csc-textpic-last\"><span style=\"color: #ffffff;\"><img loading=\"lazy\" decoding=\"async\" src=\"http:\/\/viktor-ge.org\/uploads\/pics\/web-1712.jpg\" width=\"480\" height=\"640\" border=\"0\" alt=\"\" \/><\/span><\/div>\n<\/div>\n<\/div>\n<div class=\"csc-textpic-imagerow\">\n<div class=\"csc-textpic-imagecolumn csc-textpic-firstcol csc-textpic-lastcol\">\n<div class=\"csc-textpic-image csc-textpic-last\"><span style=\"color: #ffffff;\"><img loading=\"lazy\" decoding=\"async\" src=\"http:\/\/viktor-ge.org\/uploads\/pics\/web-1766.jpg\" width=\"481\" height=\"640\" border=\"0\" alt=\"\" \/><\/span><\/div>\n<\/div>\n<\/div>\n<div class=\"csc-textpic-imagerow\">\n<div class=\"csc-textpic-imagecolumn csc-textpic-firstcol csc-textpic-lastcol\">\n<div class=\"csc-textpic-image csc-textpic-last\"><span style=\"color: #ffffff;\"><img loading=\"lazy\" decoding=\"async\" src=\"http:\/\/viktor-ge.org\/uploads\/pics\/web-1768.jpg\" width=\"481\" height=\"640\" border=\"0\" alt=\"\" \/><\/span><\/div>\n<\/div>\n<\/div>\n<div class=\"csc-textpic-imagerow\">\n<div class=\"csc-textpic-imagecolumn csc-textpic-firstcol csc-textpic-lastcol\">\n<div class=\"csc-textpic-image csc-textpic-last\"><span style=\"color: #ffffff;\"><img loading=\"lazy\" decoding=\"async\" src=\"http:\/\/viktor-ge.org\/uploads\/pics\/web-1772.jpg\" width=\"481\" height=\"640\" border=\"0\" alt=\"\" \/><\/span><\/div>\n<\/div>\n<\/div>\n<div class=\"csc-textpic-imagerow\">\n<div class=\"csc-textpic-imagecolumn csc-textpic-firstcol csc-textpic-lastcol\">\n<div class=\"csc-textpic-image csc-textpic-last\"><span style=\"color: #ffffff;\"><img loading=\"lazy\" decoding=\"async\" src=\"http:\/\/viktor-ge.org\/uploads\/pics\/web-1774.jpg\" width=\"481\" height=\"640\" border=\"0\" alt=\"\" \/><\/span><\/div>\n<\/div>\n<\/div>\n<div class=\"csc-textpic-imagerow csc-textpic-imagerow-last\">\n<div class=\"csc-textpic-imagecolumn csc-textpic-firstcol csc-textpic-lastcol\">\n<div class=\"csc-textpic-image csc-textpic-last\"><span style=\"color: #ffffff;\"><img loading=\"lazy\" decoding=\"async\" src=\"http:\/\/viktor-ge.org\/uploads\/pics\/web-_03.jpg\" width=\"430\" height=\"640\" border=\"0\" alt=\"\" \/><\/span><\/div>\n<\/div>\n<\/div>\n<\/div>\n<\/div>\n<\/div>\n<\/div>\n<p>[\/et_pb_text][\/et_pb_column][et_pb_column _builder_version=&#8220;3.29.3&#8243; type=&#8220;1_4&#8243;][et_pb_image src=&#8220;http:\/\/viktor-ge.org\/wp-content\/uploads\/2019\/07\/web-1712_01.jpg&#8220; _builder_version=&#8220;3.29.3&#8243; hover_enabled=&#8220;0&#8243; transform_scale=&#8220;112%|112%&#8220; transform_translate=&#8220;-2px|11px&#8220;][\/et_pb_image][\/et_pb_column][et_pb_column _builder_version=&#8220;3.29.3&#8243; type=&#8220;1_4&#8243;][et_pb_image src=&#8220;http:\/\/viktor-ge.org\/wp-content\/uploads\/2019\/07\/web-1768_01.jpg&#8220; _builder_version=&#8220;3.29.3&#8243; hover_enabled=&#8220;0&#8243;][\/et_pb_image][et_pb_image src=&#8220;http:\/\/viktor-ge.org\/wp-content\/uploads\/2019\/07\/web-1766_01.jpg&#8220; _builder_version=&#8220;3.29.3&#8243; hover_enabled=&#8220;0&#8243;][\/et_pb_image][\/et_pb_column][\/et_pb_row][et_pb_row _builder_version=&#8220;3.29.3&#8243; column_structure=&#8220;1_3,1_3,1_3&#8243;][et_pb_column _builder_version=&#8220;3.29.3&#8243; type=&#8220;1_3&#8243;][et_pb_image src=&#8220;http:\/\/viktor-ge.org\/wp-content\/uploads\/2019\/07\/web-3_03.jpg&#8220; _builder_version=&#8220;3.29.3&#8243; hover_enabled=&#8220;0&#8243;][\/et_pb_image][\/et_pb_column][et_pb_column _builder_version=&#8220;3.29.3&#8243; type=&#8220;1_3&#8243;][et_pb_image src=&#8220;http:\/\/viktor-ge.org\/wp-content\/uploads\/2019\/07\/web-_03.jpg&#8220; _builder_version=&#8220;3.29.3&#8243; hover_enabled=&#8220;0&#8243;][\/et_pb_image][\/et_pb_column][et_pb_column _builder_version=&#8220;3.29.3&#8243; type=&#8220;1_3&#8243;][et_pb_image src=&#8220;http:\/\/viktor-ge.org\/wp-content\/uploads\/2019\/07\/web-1772_01.jpg&#8220; _builder_version=&#8220;3.29.3&#8243; hover_enabled=&#8220;0&#8243; transform_translate=&#8220;-14px|-2px&#8220;][\/et_pb_image][\/et_pb_column][\/et_pb_row][\/et_pb_section]<\/p>\n","protected":false},"excerpt":{"rendered":"<p>L&#8217;ATTESA (Auferstanden aus Ruinen) \u00a0 Campomaggiore ist ein kleines Nest in der Provinz Potenza, direkt auf dem Fu\u00dfkn\u00f6chel des italienischen Stiefels. Vor etwa 200 Jahren wurde der Ort aus unerkl\u00e4rlichen Gr\u00fcnden verlassen und einige Kilometer oberhalb wieder aufgebaut. Das Symposium fand in der alten Ruinenstadt statt. Als Material hatten wir den lokalen gelblichen Sandstein. \u00a0<\/p>\n","protected":false},"author":1,"featured_media":0,"parent":121,"menu_order":0,"comment_status":"closed","ping_status":"closed","template":"","meta":{"_et_pb_use_builder":"on","_et_pb_old_content":"","_et_gb_content_width":"","footnotes":""},"class_list":["post-590","page","type-page","status-publish","hentry"],"_links":{"self":[{"href":"https:\/\/viktor-ge.org\/index.php?rest_route=\/wp\/v2\/pages\/590"}],"collection":[{"href":"https:\/\/viktor-ge.org\/index.php?rest_route=\/wp\/v2\/pages"}],"about":[{"href":"https:\/\/viktor-ge.org\/index.php?rest_route=\/wp\/v2\/types\/page"}],"author":[{"embeddable":true,"href":"https:\/\/viktor-ge.org\/index.php?rest_route=\/wp\/v2\/users\/1"}],"replies":[{"embeddable":true,"href":"https:\/\/viktor-ge.org\/index.php?rest_route=%2Fwp%2Fv2%2Fcomments&post=590"}],"version-history":[{"count":8,"href":"https:\/\/viktor-ge.org\/index.php?rest_route=\/wp\/v2\/pages\/590\/revisions"}],"predecessor-version":[{"id":880,"href":"https:\/\/viktor-ge.org\/index.php?rest_route=\/wp\/v2\/pages\/590\/revisions\/880"}],"up":[{"embeddable":true,"href":"https:\/\/viktor-ge.org\/index.php?rest_route=\/wp\/v2\/pages\/121"}],"wp:attachment":[{"href":"https:\/\/viktor-ge.org\/index.php?rest_route=%2Fwp%2Fv2%2Fmedia&parent=590"}],"curies":[{"name":"wp","href":"https:\/\/api.w.org\/{rel}","templated":true}]}}