{"id":578,"date":"2019-07-11T10:37:47","date_gmt":"2019-07-11T10:37:47","guid":{"rendered":"http:\/\/wp.viktor-ge.org\/?page_id=578"},"modified":"2019-11-28T20:51:17","modified_gmt":"2019-11-28T19:51:17","slug":"leingarten-2008","status":"publish","type":"page","link":"https:\/\/viktor-ge.org\/?page_id=578","title":{"rendered":"Leingarten 2008"},"content":{"rendered":"<p>[et_pb_section fb_built=&#8220;1&#8243; _builder_version=&#8220;3.25.4&#8243; background_color=&#8220;#606060&#8243; fb_built=&#8220;1&#8243; _i=&#8220;0&#8243; _address=&#8220;0&#8243;][et_pb_row _builder_version=&#8220;3.25.4&#8243; width=&#8220;100%&#8220; max_width=&#8220;1514px&#8220; _i=&#8220;0&#8243; _address=&#8220;0.0&#8243;][et_pb_column type=&#8220;4_4&#8243; _builder_version=&#8220;3.25.4&#8243; _i=&#8220;0&#8243; _address=&#8220;0.0.0&#8243;][et_pb_image src=&#8220;http:\/\/wp.viktor-ge.org\/wp-content\/uploads\/2019\/07\/header1.png&#8220; align=&#8220;center&#8220; force_fullwidth=&#8220;on&#8220; _builder_version=&#8220;3.25.4&#8243; _i=&#8220;0&#8243; _address=&#8220;0.0.0.0&#8243;][\/et_pb_image][\/et_pb_column][\/et_pb_row][et_pb_row _builder_version=&#8220;3.25.4&#8243; min_height=&#8220;7988px&#8220; _i=&#8220;1&#8243; _address=&#8220;0.1&#8243;][et_pb_column type=&#8220;4_4&#8243; _builder_version=&#8220;3.25.4&#8243; _i=&#8220;0&#8243; _address=&#8220;0.1.0&#8243;][et_pb_text _builder_version=&#8220;3.27.4&#8243; _i=&#8220;0&#8243; _address=&#8220;0.1.0.0&#8243;]<\/p>\n<div id=\"main\">\n<div id=\"col3\">\n<div id=\"col3_content\" class=\"clearfix\">\n<div class=\"floatbox\">\n<div id=\"c416\" class=\"csc-default csc-space-after-20\">\n<h1 class=\"csc-header-alignment-center csc-firstHeader\"><span style=\"color: #ffffff;\">EUROPA UND DER STIER<\/span><\/h1>\n<div class=\"csc-textpic csc-textpic-center csc-textpic-below\">\n<div class=\"csc-textpic-text\">\n<p class=\"align-justify\"><span style=\"color: #ffffff;\">Beim Symposium in Leingarten bei Heilbronn w\u00e4hlte ich als Thema Europa. Die meisten K\u00fcnstler stellten die libanesische Prinzessin Europa auf dem Stier reitend dar.<\/span><\/p>\n<p class=\"align-justify\"><span style=\"color: #ffffff;\">Mir war der erste Augenblick wichtig, das gegenseitige Erkennen. Europa bei\u00dft sich aus Verlegenheit auf den Fingernagel; Zeus, der G\u00f6ttervater, verwandelt als Stier, leckt sich l\u00fcstern das Maul und freut sich schon auf seine neue sexuelle Eroberung.<\/span><\/p>\n<\/div>\n<\/div>\n<\/div>\n<div id=\"c419\" class=\"csc-default csc-space-after-20\">\n<div class=\"csc-textpic csc-textpic-center csc-textpic-above\">\n<div class=\"csc-textpic-imagewrap\">\n<div class=\"csc-textpic-center-outer\">\n<div class=\"csc-textpic-center-inner\">\n<div class=\"csc-textpic-imagerow\">\n<div class=\"csc-textpic-imagecolumn csc-textpic-firstcol csc-textpic-lastcol\">\n<div class=\"csc-textpic-image csc-textpic-last\"><span style=\"color: #ffffff;\"><img loading=\"lazy\" decoding=\"async\" src=\"http:\/\/viktor-ge.org\/typo3temp\/pics\/ab72b7d969.jpg\" width=\"440\" height=\"330\" border=\"0\" alt=\"\" \/><\/span><\/div>\n<\/div>\n<\/div>\n<div class=\"csc-textpic-imagerow\">\n<div class=\"csc-textpic-imagecolumn csc-textpic-firstcol csc-textpic-lastcol\">\n<div class=\"csc-textpic-image csc-textpic-last\"><span style=\"color: #ffffff;\"><img loading=\"lazy\" decoding=\"async\" src=\"http:\/\/viktor-ge.org\/typo3temp\/pics\/216eefc7d1.jpg\" width=\"440\" height=\"661\" border=\"0\" alt=\"\" \/><\/span><\/div>\n<\/div>\n<\/div>\n<div class=\"csc-textpic-imagerow\">\n<div class=\"csc-textpic-imagecolumn csc-textpic-firstcol csc-textpic-lastcol\">\n<div class=\"csc-textpic-image csc-textpic-last\"><span style=\"color: #ffffff;\"><img loading=\"lazy\" decoding=\"async\" src=\"http:\/\/viktor-ge.org\/typo3temp\/pics\/355b1c4fde.jpg\" width=\"440\" height=\"294\" border=\"0\" alt=\"\" \/><\/span><\/div>\n<\/div>\n<\/div>\n<div class=\"csc-textpic-imagerow\">\n<div class=\"csc-textpic-imagecolumn csc-textpic-firstcol csc-textpic-lastcol\">\n<div class=\"csc-textpic-image csc-textpic-last\"><span style=\"color: #ffffff;\"><img loading=\"lazy\" decoding=\"async\" src=\"http:\/\/viktor-ge.org\/typo3temp\/pics\/1ecd4c7c66.jpg\" width=\"440\" height=\"330\" border=\"0\" alt=\"\" \/><\/span><\/div>\n<\/div>\n<\/div>\n<div class=\"csc-textpic-imagerow csc-textpic-imagerow-last\">\n<div class=\"csc-textpic-imagecolumn csc-textpic-firstcol csc-textpic-lastcol\">\n<div class=\"csc-textpic-image csc-textpic-last\"><span style=\"color: #ffffff;\"><img loading=\"lazy\" decoding=\"async\" src=\"http:\/\/viktor-ge.org\/typo3temp\/pics\/e9de704220.jpg\" width=\"440\" height=\"330\" border=\"0\" alt=\"\" \/><\/span><\/div>\n<\/div>\n<\/div>\n<\/div>\n<\/div>\n<\/div>\n<\/div>\n<\/div>\n<div id=\"c429\" class=\"csc-default\">\n<div class=\"flexi\">\n<div class=\"left\"><\/div>\n<div class=\"center\"><\/div>\n<div class=\"right\"><\/div>\n<div class=\"clearfix\"><\/div>\n<\/div>\n<\/div>\n<\/div>\n<\/div>\n<\/div>\n<\/div>\n<p>[\/et_pb_text][et_pb_image src=&#8220;http:\/\/viktor-ge.org\/wp-content\/uploads\/2019\/07\/IMG_0109_Kopie.jpg&#8220; _builder_version=&#8220;3.29.3&#8243; _i=&#8220;1&#8243; _address=&#8220;0.1.0.1&#8243;][\/et_pb_image][et_pb_image src=&#8220;http:\/\/viktor-ge.org\/wp-content\/uploads\/2019\/07\/DSC00264.jpg&#8220; _builder_version=&#8220;3.29.3&#8243; _i=&#8220;2&#8243; _address=&#8220;0.1.0.2&#8243;][\/et_pb_image][et_pb_image src=&#8220;http:\/\/viktor-ge.org\/wp-content\/uploads\/2019\/07\/2007-07-16-010.jpg&#8220; _builder_version=&#8220;3.29.3&#8243; _i=&#8220;3&#8243; _address=&#8220;0.1.0.3&#8243;][\/et_pb_image][et_pb_image src=&#8220;http:\/\/viktor-ge.org\/wp-content\/uploads\/2019\/07\/DSC00163.jpg&#8220; _builder_version=&#8220;3.29.3&#8243; _i=&#8220;4&#8243; _address=&#8220;0.1.0.4&#8243;][\/et_pb_image][et_pb_image src=&#8220;http:\/\/viktor-ge.org\/wp-content\/uploads\/2019\/07\/0018.jpg&#8220; _builder_version=&#8220;3.29.3&#8243; _i=&#8220;5&#8243; _address=&#8220;0.1.0.5&#8243;][\/et_pb_image][et_pb_image src=&#8220;http:\/\/viktor-ge.org\/wp-content\/uploads\/2019\/07\/0002.jpg&#8220; _builder_version=&#8220;3.29.3&#8243; _i=&#8220;6&#8243; _address=&#8220;0.1.0.6&#8243;][\/et_pb_image][et_pb_image src=&#8220;http:\/\/viktor-ge.org\/wp-content\/uploads\/2019\/07\/CRW_0021sw_Kopie.jpg&#8220; _builder_version=&#8220;3.29.3&#8243; _i=&#8220;7&#8243; _address=&#8220;0.1.0.7&#8243;][\/et_pb_image][et_pb_image src=&#8220;http:\/\/viktor-ge.org\/wp-content\/uploads\/2019\/11\/CRW_0070-Kopie.jpg&#8220; _builder_version=&#8220;3.29.3&#8243; _i=&#8220;8&#8243; _address=&#8220;0.1.0.8&#8243;][\/et_pb_image][et_pb_image src=&#8220;http:\/\/viktor-ge.org\/wp-content\/uploads\/2019\/11\/Kreisel_113a.jpg&#8220; _builder_version=&#8220;3.29.3&#8243; _i=&#8220;9&#8243; _address=&#8220;0.1.0.9&#8243;][\/et_pb_image][et_pb_image src=&#8220;http:\/\/viktor-ge.org\/wp-content\/uploads\/2019\/11\/Kreisel_338a.jpg&#8220; _builder_version=&#8220;3.29.3&#8243; _i=&#8220;10&#8243; _address=&#8220;0.1.0.10&#8243;][\/et_pb_image][et_pb_image src=&#8220;http:\/\/viktor-ge.org\/wp-content\/uploads\/2019\/11\/Kreisel_318a.jpg&#8220; _builder_version=&#8220;3.29.3&#8243; _i=&#8220;11&#8243; _address=&#8220;0.1.0.11&#8243;][\/et_pb_image][et_pb_image src=&#8220;http:\/\/viktor-ge.org\/wp-content\/uploads\/2019\/11\/Kreisel_216a.jpg&#8220; _builder_version=&#8220;3.29.3&#8243; _i=&#8220;12&#8243; _address=&#8220;0.1.0.12&#8243;][\/et_pb_image][et_pb_image src=&#8220;http:\/\/viktor-ge.org\/wp-content\/uploads\/2019\/11\/2007-07-12-001.jpg&#8220; _builder_version=&#8220;3.29.3&#8243; _i=&#8220;13&#8243; _address=&#8220;0.1.0.13&#8243;][\/et_pb_image][et_pb_image src=&#8220;http:\/\/viktor-ge.org\/wp-content\/uploads\/2019\/11\/Europa.jpg&#8220; _builder_version=&#8220;3.29.3&#8243; _i=&#8220;14&#8243; _address=&#8220;0.1.0.14&#8243;][\/et_pb_image][\/et_pb_column][\/et_pb_row][\/et_pb_section][et_pb_section fb_built=&#8220;1&#8243; _builder_version=&#8220;3.25.4&#8243; background_color=&#8220;#606060&#8243; fb_built=&#8220;1&#8243; _i=&#8220;1&#8243; _address=&#8220;1&#8243;][\/et_pb_section]<\/p>\n","protected":false},"excerpt":{"rendered":"<p>EUROPA UND DER STIER Beim Symposium in Leingarten bei Heilbronn w\u00e4hlte ich als Thema Europa. Die meisten K\u00fcnstler stellten die libanesische Prinzessin Europa auf dem Stier reitend dar. Mir war der erste Augenblick wichtig, das gegenseitige Erkennen. Europa bei\u00dft sich aus Verlegenheit auf den Fingernagel; Zeus, der G\u00f6ttervater, verwandelt als Stier, leckt sich l\u00fcstern das [&hellip;]<\/p>\n","protected":false},"author":1,"featured_media":0,"parent":121,"menu_order":0,"comment_status":"closed","ping_status":"closed","template":"","meta":{"_et_pb_use_builder":"on","_et_pb_old_content":"","_et_gb_content_width":"","footnotes":""},"class_list":["post-578","page","type-page","status-publish","hentry"],"_links":{"self":[{"href":"https:\/\/viktor-ge.org\/index.php?rest_route=\/wp\/v2\/pages\/578"}],"collection":[{"href":"https:\/\/viktor-ge.org\/index.php?rest_route=\/wp\/v2\/pages"}],"about":[{"href":"https:\/\/viktor-ge.org\/index.php?rest_route=\/wp\/v2\/types\/page"}],"author":[{"embeddable":true,"href":"https:\/\/viktor-ge.org\/index.php?rest_route=\/wp\/v2\/users\/1"}],"replies":[{"embeddable":true,"href":"https:\/\/viktor-ge.org\/index.php?rest_route=%2Fwp%2Fv2%2Fcomments&post=578"}],"version-history":[{"count":16,"href":"https:\/\/viktor-ge.org\/index.php?rest_route=\/wp\/v2\/pages\/578\/revisions"}],"predecessor-version":[{"id":1089,"href":"https:\/\/viktor-ge.org\/index.php?rest_route=\/wp\/v2\/pages\/578\/revisions\/1089"}],"up":[{"embeddable":true,"href":"https:\/\/viktor-ge.org\/index.php?rest_route=\/wp\/v2\/pages\/121"}],"wp:attachment":[{"href":"https:\/\/viktor-ge.org\/index.php?rest_route=%2Fwp%2Fv2%2Fmedia&parent=578"}],"curies":[{"name":"wp","href":"https:\/\/api.w.org\/{rel}","templated":true}]}}