{"id":356,"date":"2019-07-09T13:17:43","date_gmt":"2019-07-09T12:17:43","guid":{"rendered":"http:\/\/wp.viktor-ge.org\/?page_id=356"},"modified":"2019-11-28T15:27:28","modified_gmt":"2019-11-28T14:27:28","slug":"ein-portrait-deines-koerpers","status":"publish","type":"page","link":"https:\/\/viktor-ge.org\/?page_id=356","title":{"rendered":"Ein Portrait deines K\u00f6rpers"},"content":{"rendered":"<p>[et_pb_section fb_built=&#8220;1&#8243; _builder_version=&#8220;3.25.4&#8243; background_color=&#8220;#606060&#8243; custom_padding=&#8220;33px|||||&#8220;][et_pb_row _builder_version=&#8220;3.25.4&#8243; custom_margin=&#8220;|auto||-6px||&#8220; width=&#8220;100%&#8220;][et_pb_column type=&#8220;4_4&#8243; _builder_version=&#8220;3.25.4&#8243;][et_pb_image src=&#8220;http:\/\/wp.viktor-ge.org\/wp-content\/uploads\/2019\/07\/header1.png&#8220; _builder_version=&#8220;3.25.4&#8243; width=&#8220;100%&#8220; custom_margin=&#8220;-21px|||||&#8220; min_height=&#8220;129px&#8220;][\/et_pb_image][\/et_pb_column][\/et_pb_row][et_pb_row column_structure=&#8220;2_5,3_5&#8243; _builder_version=&#8220;3.25.4&#8243;][et_pb_column type=&#8220;2_5&#8243; _builder_version=&#8220;3.25.4&#8243;][et_pb_image src=&#8220;http:\/\/wp.viktor-ge.org\/wp-content\/uploads\/2019\/07\/Bodyportrait1.jpg&#8220; _builder_version=&#8220;3.25.4&#8243;][\/et_pb_image][\/et_pb_column][et_pb_column type=&#8220;3_5&#8243; _builder_version=&#8220;3.25.4&#8243;][et_pb_text _builder_version=&#8220;3.25.4&#8243;]<\/p>\n<h1 class=\"csc-firstHeader\"><span style=\"color: #ffffff;\">GEORG VIKTOR bietet!<\/span><\/h1>\n<div class=\"csc-textpic-text\">\n<div>\n<p><span style=\"color: #ffffff;\">EIN PORTRAIT DEINES K\u00d6RPERS<\/span><\/p>\n<\/div>\n<div>\n<p class=\"align-justify\"><span style=\"color: #ffffff;\">Wer m\u00f6chte seinen eigenen K\u00f6rper \u2028oder Teile davon in Marmor oder Bronze ? Ein einzigartiges Souvenir f\u00fcr die Ewigkeit, \u2028von mir ausgef\u00fchrt und signiert. Auch Vergr\u00f6\u00dferungen und \u2028Verkleinerungen sind m\u00f6glich. F\u00fcr n\u00e4here Informationen, bitte\u00a0<a href=\"mailto:office@viktor-ge.org\" class=\"mail\" style=\"color: #ffffff;\">E-mail<\/a>\u2028\u00a0<\/span><\/p>\n<\/div>\n<\/div>\n<p>[\/et_pb_text][\/et_pb_column][\/et_pb_row][et_pb_row column_structure=&#8220;2_5,3_5&#8243; _builder_version=&#8220;3.25.4&#8243;][et_pb_column type=&#8220;2_5&#8243; _builder_version=&#8220;3.25.4&#8243;][et_pb_image src=&#8220;http:\/\/wp.viktor-ge.org\/wp-content\/uploads\/2019\/07\/Bodyportrait2.jpg&#8220; _builder_version=&#8220;3.25.4&#8243;][\/et_pb_image][\/et_pb_column][et_pb_column type=&#8220;3_5&#8243; _builder_version=&#8220;3.25.4&#8243;][et_pb_image src=&#8220;http:\/\/wp.viktor-ge.org\/wp-content\/uploads\/2019\/07\/Strapse6.jpg&#8220; _builder_version=&#8220;3.25.4&#8243;][\/et_pb_image][\/et_pb_column][\/et_pb_row][et_pb_row column_structure=&#8220;1_2,1_2&#8243; _builder_version=&#8220;3.25.4&#8243;][et_pb_column type=&#8220;1_2&#8243; _builder_version=&#8220;3.25.4&#8243;][et_pb_image src=&#8220;http:\/\/wp.viktor-ge.org\/wp-content\/uploads\/2019\/07\/DSCF4705.jpg&#8220; _builder_version=&#8220;3.25.4&#8243;][\/et_pb_image][\/et_pb_column][et_pb_column type=&#8220;1_2&#8243; _builder_version=&#8220;3.25.4&#8243;][et_pb_image src=&#8220;http:\/\/wp.viktor-ge.org\/wp-content\/uploads\/2019\/07\/DSCF4926.jpg&#8220; _builder_version=&#8220;3.25.4&#8243;][\/et_pb_image][\/et_pb_column][\/et_pb_row][\/et_pb_section]<\/p>\n","protected":false},"excerpt":{"rendered":"<p>GEORG VIKTOR bietet! EIN PORTRAIT DEINES K\u00d6RPERS Wer m\u00f6chte seinen eigenen K\u00f6rper \u2028oder Teile davon in Marmor oder Bronze ? Ein einzigartiges Souvenir f\u00fcr die Ewigkeit, \u2028von mir ausgef\u00fchrt und signiert. Auch Vergr\u00f6\u00dferungen und \u2028Verkleinerungen sind m\u00f6glich. F\u00fcr n\u00e4here Informationen, bitte\u00a0E-mail\u2028\u00a0<\/p>\n","protected":false},"author":1,"featured_media":0,"parent":0,"menu_order":0,"comment_status":"closed","ping_status":"closed","template":"","meta":{"_et_pb_use_builder":"on","_et_pb_old_content":"","_et_gb_content_width":"","footnotes":""},"class_list":["post-356","page","type-page","status-publish","hentry"],"_links":{"self":[{"href":"https:\/\/viktor-ge.org\/index.php?rest_route=\/wp\/v2\/pages\/356"}],"collection":[{"href":"https:\/\/viktor-ge.org\/index.php?rest_route=\/wp\/v2\/pages"}],"about":[{"href":"https:\/\/viktor-ge.org\/index.php?rest_route=\/wp\/v2\/types\/page"}],"author":[{"embeddable":true,"href":"https:\/\/viktor-ge.org\/index.php?rest_route=\/wp\/v2\/users\/1"}],"replies":[{"embeddable":true,"href":"https:\/\/viktor-ge.org\/index.php?rest_route=%2Fwp%2Fv2%2Fcomments&post=356"}],"version-history":[{"count":5,"href":"https:\/\/viktor-ge.org\/index.php?rest_route=\/wp\/v2\/pages\/356\/revisions"}],"predecessor-version":[{"id":1043,"href":"https:\/\/viktor-ge.org\/index.php?rest_route=\/wp\/v2\/pages\/356\/revisions\/1043"}],"wp:attachment":[{"href":"https:\/\/viktor-ge.org\/index.php?rest_route=%2Fwp%2Fv2%2Fmedia&parent=356"}],"curies":[{"name":"wp","href":"https:\/\/api.w.org\/{rel}","templated":true}]}}