{"id":151,"date":"2019-07-08T16:22:57","date_gmt":"2019-07-08T16:22:57","guid":{"rendered":"http:\/\/wp.viktor-ge.org\/?page_id=151"},"modified":"2019-11-25T21:48:44","modified_gmt":"2019-11-25T20:48:44","slug":"karyatiden","status":"publish","type":"page","link":"https:\/\/viktor-ge.org\/?page_id=151","title":{"rendered":"Karyatiden"},"content":{"rendered":"<p>[et_pb_section fb_built=&#8220;1&#8243; _builder_version=&#8220;3.25.4&#8243; background_color=&#8220;#606060&#8243; min_height=&#8220;1472px&#8220; fb_built=&#8220;1&#8243; _i=&#8220;0&#8243; _address=&#8220;0&#8243;][et_pb_row _builder_version=&#8220;3.25.4&#8243; width=&#8220;94.8%&#8220; _i=&#8220;0&#8243; _address=&#8220;0.0&#8243;][et_pb_column type=&#8220;4_4&#8243; _builder_version=&#8220;3.25.4&#8243; _i=&#8220;0&#8243; _address=&#8220;0.0.0&#8243;][et_pb_text _builder_version=&#8220;3.27.4&#8243; _i=&#8220;0&#8243; _address=&#8220;0.0.0.0&#8243;]<\/p>\n<h1 class=\"csc-header-alignment-center csc-firstHeader\"><span style=\"color: #ffffff;\">KARYATIDEN<\/span><\/h1>\n<div class=\"csc-textpic-text\">\n<p class=\"align-justify\"><span style=\"color: #ffffff;\">Eine Karyatide ( \u03ba\u03b1\u03c1\u03c5\u03ac\u03c4\u03b9\u03b4\u03b1, \u201eFrau aus Karyai\u201c [bei Sparta]) ist eine Skulptur einer weiblichen Figur mit tragender Funktion in der Architektur. Karyatiden ersetzen in der Architektur S\u00e4ulen oder Pfeiler bei Portalen und in der Fassadengliederung, sie tragen Ziergiebel, Architrave, D\u00e4cher oder andere Dachelemente. Zitat WIKIPEDIA<\/span><\/p>\n<p><span style=\"color: #ffffff;\">Bei einigen Aufenthalten in S\u00fcdfrankreich entdeckte ich im Luberon den dortigen Kalkstein Estaillade als ideales Material f\u00fcr gro\u00dfe Skulpturen. Es entstanden dort mehrere Karyatiden, Bacchantinnen und andere Arbeiten.\u00a0<\/span><br \/><span style=\"color: #ffffff;\">In der N\u00e4he des Steinbruchs liegt das Stammschloss des Marquis de Sade, erbaut aus dem gleichen Stein.<\/span><br \/><span style=\"color: #ffffff;\">Die meisten meiner Karyatiden verk\u00f6rpern deshalb Justine, die Protagonistin seines gleichnamigen Romans ( Justine, oder vom Missgeschick der Tugend ).\u00a0 Justine ist gefangen, angekettet und\u00a0 teilweise im Stein eingeschlossen; ein Martyrium aus Schmerz und Lust.<\/span><\/p>\n<\/div>\n<p>[\/et_pb_text][\/et_pb_column][\/et_pb_row][et_pb_row column_structure=&#8220;1_4,1_4,1_4,1_4&#8243; _builder_version=&#8220;3.25.4&#8243; custom_margin=&#8220;|auto||31px||&#8220; _i=&#8220;1&#8243; _address=&#8220;0.1&#8243;][et_pb_column type=&#8220;1_4&#8243; _builder_version=&#8220;3.25.4&#8243; _i=&#8220;0&#8243; _address=&#8220;0.1.0&#8243;][et_pb_image src=&#8220;http:\/\/wp.viktor-ge.org\/wp-content\/uploads\/2019\/07\/Durbach_10.jpg&#8220; _builder_version=&#8220;3.25.4&#8243; _i=&#8220;0&#8243; _address=&#8220;0.1.0.0&#8243;][\/et_pb_image][\/et_pb_column][et_pb_column type=&#8220;1_4&#8243; _builder_version=&#8220;3.25.4&#8243; _i=&#8220;1&#8243; _address=&#8220;0.1.1&#8243;][et_pb_image src=&#8220;http:\/\/viktor-ge.org\/wp-content\/uploads\/2019\/10\/stou.ytba8o.jpg&#8220; _builder_version=&#8220;3.29.3&#8243; transform_scale=&#8220;122%|122%&#8220; transform_translate=&#8220;0px|19px&#8220; _i=&#8220;0&#8243; _address=&#8220;0.1.1.0&#8243;][\/et_pb_image][\/et_pb_column][et_pb_column type=&#8220;1_4&#8243; _builder_version=&#8220;3.25.4&#8243; _i=&#8220;2&#8243; _address=&#8220;0.1.2&#8243;][et_pb_image src=&#8220;http:\/\/viktor-ge.org\/wp-content\/uploads\/2019\/10\/K11003.jpg&#8220; _builder_version=&#8220;3.29.3&#8243; transform_scale=&#8220;123%|123%&#8220; transform_translate=&#8220;4px|19px&#8220; width=&#8220;100%&#8220; _i=&#8220;0&#8243; _address=&#8220;0.1.2.0&#8243;][\/et_pb_image][\/et_pb_column][et_pb_column type=&#8220;1_4&#8243; _builder_version=&#8220;3.25.4&#8243; _i=&#8220;3&#8243; _address=&#8220;0.1.3&#8243;][et_pb_image src=&#8220;http:\/\/viktor-ge.org\/wp-content\/uploads\/2019\/10\/K12004.jpg&#8220; _builder_version=&#8220;3.29.3&#8243; transform_scale=&#8220;220%|220%&#8220; transform_translate=&#8220;55px|36px&#8220; _i=&#8220;0&#8243; _address=&#8220;0.1.3.0&#8243;][\/et_pb_image][\/et_pb_column][\/et_pb_row][et_pb_row column_structure=&#8220;1_4,1_4,1_4,1_4&#8243; _builder_version=&#8220;3.29.3&#8243; module_alignment=&#8220;center&#8220; custom_margin=&#8220;|auto||31px||&#8220; _i=&#8220;2&#8243; _address=&#8220;0.2&#8243;][et_pb_column type=&#8220;1_4&#8243; _builder_version=&#8220;3.25.4&#8243; _i=&#8220;0&#8243; _address=&#8220;0.2.0&#8243;][et_pb_image src=&#8220;http:\/\/viktor-ge.org\/wp-content\/uploads\/2019\/10\/K13005.jpg&#8220; _builder_version=&#8220;3.29.3&#8243; transform_scale=&#8220;122%|122%&#8220; transform_translate=&#8220;0px|20px&#8220; _i=&#8220;0&#8243; _address=&#8220;0.2.0.0&#8243;][\/et_pb_image][\/et_pb_column][et_pb_column type=&#8220;1_4&#8243; _builder_version=&#8220;3.25.4&#8243; _i=&#8220;1&#8243; _address=&#8220;0.2.1&#8243;][et_pb_image src=&#8220;http:\/\/viktor-ge.org\/wp-content\/uploads\/2019\/10\/K14006.jpg&#8220; _builder_version=&#8220;3.29.3&#8243; transform_scale=&#8220;122%|122%&#8220; transform_translate=&#8220;0px|19px&#8220; _i=&#8220;0&#8243; _address=&#8220;0.2.1.0&#8243;][\/et_pb_image][\/et_pb_column][et_pb_column type=&#8220;1_4&#8243; _builder_version=&#8220;3.25.4&#8243; _i=&#8220;2&#8243; _address=&#8220;0.2.2&#8243;][et_pb_image src=&#8220;http:\/\/viktor-ge.org\/wp-content\/uploads\/2019\/10\/K16008.jpg&#8220; _builder_version=&#8220;3.29.3&#8243; transform_scale=&#8220;123%|123%&#8220; transform_translate=&#8220;4px|19px&#8220; width=&#8220;100%&#8220; _i=&#8220;0&#8243; _address=&#8220;0.2.2.0&#8243;][\/et_pb_image][\/et_pb_column][et_pb_column type=&#8220;1_4&#8243; _builder_version=&#8220;3.25.4&#8243; _i=&#8220;3&#8243; _address=&#8220;0.2.3&#8243;][et_pb_image src=&#8220;http:\/\/viktor-ge.org\/wp-content\/uploads\/2019\/10\/K15007.jpg&#8220; _builder_version=&#8220;3.29.3&#8243; transform_scale=&#8220;123%|123%&#8220; transform_translate=&#8220;14px|20px&#8220; _i=&#8220;0&#8243; _address=&#8220;0.2.3.0&#8243;][\/et_pb_image][\/et_pb_column][\/et_pb_row][et_pb_row column_structure=&#8220;1_4,1_4,1_4,1_4&#8243; _builder_version=&#8220;3.29.3&#8243; min_height=&#8220;326px&#8220; custom_margin=&#8220;50px|auto||120px|false|false&#8220; _i=&#8220;3&#8243; _address=&#8220;0.3&#8243;][et_pb_column type=&#8220;1_4&#8243; _builder_version=&#8220;3.25.4&#8243; _i=&#8220;0&#8243; _address=&#8220;0.3.0&#8243;][et_pb_image src=&#8220;http:\/\/viktor-ge.org\/wp-content\/uploads\/2019\/10\/stou.qSaWr2_.jpg&#8220; _builder_version=&#8220;3.29.3&#8243; transform_scale=&#8220;122%|122%&#8220; transform_translate=&#8220;0px|20px&#8220; _i=&#8220;0&#8243; _address=&#8220;0.3.0.0&#8243;][\/et_pb_image][\/et_pb_column][et_pb_column type=&#8220;1_4&#8243; _builder_version=&#8220;3.25.4&#8243; _i=&#8220;1&#8243; _address=&#8220;0.3.1&#8243;][et_pb_image src=&#8220;http:\/\/viktor-ge.org\/wp-content\/uploads\/2019\/10\/K19010.jpg&#8220; _builder_version=&#8220;3.29.3&#8243; transform_scale=&#8220;122%|122%&#8220; transform_translate=&#8220;0px|19px&#8220; _i=&#8220;0&#8243; _address=&#8220;0.3.1.0&#8243;][\/et_pb_image][\/et_pb_column][et_pb_column type=&#8220;1_4&#8243; _builder_version=&#8220;3.25.4&#8243; _i=&#8220;2&#8243; _address=&#8220;0.3.2&#8243;][et_pb_image src=&#8220;http:\/\/viktor-ge.org\/wp-content\/uploads\/2019\/10\/K20012.jpg&#8220; _builder_version=&#8220;3.29.3&#8243; transform_scale=&#8220;123%|123%&#8220; transform_translate=&#8220;4px|19px&#8220; width=&#8220;100%&#8220; _i=&#8220;0&#8243; _address=&#8220;0.3.2.0&#8243;][\/et_pb_image][\/et_pb_column][et_pb_column type=&#8220;1_4&#8243; _builder_version=&#8220;3.25.4&#8243; _i=&#8220;3&#8243; _address=&#8220;0.3.3&#8243;][et_pb_image src=&#8220;http:\/\/viktor-ge.org\/wp-content\/uploads\/2019\/10\/K3013.jpg&#8220; _builder_version=&#8220;3.29.3&#8243; transform_scale=&#8220;123%|123%&#8220; transform_translate=&#8220;14px|20px&#8220; _i=&#8220;0&#8243; _address=&#8220;0.3.3.0&#8243;][\/et_pb_image][\/et_pb_column][\/et_pb_row][et_pb_row _builder_version=&#8220;3.29.3&#8243; column_structure=&#8220;1_3,1_3,1_3&#8243; min_height=&#8220;316px&#8220;][et_pb_column _builder_version=&#8220;3.29.3&#8243; type=&#8220;1_3&#8243;][et_pb_image src=&#8220;http:\/\/viktor-ge.org\/wp-content\/uploads\/2019\/07\/Atelier_17.jpg&#8220; _builder_version=&#8220;3.29.3&#8243; hover_enabled=&#8220;0&#8243;][\/et_pb_image][\/et_pb_column][et_pb_column _builder_version=&#8220;3.29.3&#8243; type=&#8220;1_3&#8243;][et_pb_image src=&#8220;http:\/\/viktor-ge.org\/wp-content\/uploads\/2019\/10\/K8018.jpg&#8220; _builder_version=&#8220;3.29.3&#8243; hover_enabled=&#8220;0&#8243;][\/et_pb_image][\/et_pb_column][et_pb_column _builder_version=&#8220;3.29.3&#8243; type=&#8220;1_3&#8243;][et_pb_image src=&#8220;http:\/\/viktor-ge.org\/wp-content\/uploads\/2019\/10\/K4014.jpg&#8220; _builder_version=&#8220;3.29.3&#8243; hover_enabled=&#8220;0&#8243;][\/et_pb_image][\/et_pb_column][\/et_pb_row][\/et_pb_section]<\/p>\n","protected":false},"excerpt":{"rendered":"<p>KARYATIDEN Eine Karyatide ( \u03ba\u03b1\u03c1\u03c5\u03ac\u03c4\u03b9\u03b4\u03b1, \u201eFrau aus Karyai\u201c [bei Sparta]) ist eine Skulptur einer weiblichen Figur mit tragender Funktion in der Architektur. Karyatiden ersetzen in der Architektur S\u00e4ulen oder Pfeiler bei Portalen und in der Fassadengliederung, sie tragen Ziergiebel, Architrave, D\u00e4cher oder andere Dachelemente. Zitat WIKIPEDIA Bei einigen Aufenthalten in S\u00fcdfrankreich entdeckte ich im Luberon [&hellip;]<\/p>\n","protected":false},"author":1,"featured_media":0,"parent":0,"menu_order":0,"comment_status":"closed","ping_status":"closed","template":"","meta":{"_et_pb_use_builder":"on","_et_pb_old_content":"<!-- wp:divi\/placeholder \/-->","_et_gb_content_width":"","footnotes":""},"class_list":["post-151","page","type-page","status-publish","hentry"],"_links":{"self":[{"href":"https:\/\/viktor-ge.org\/index.php?rest_route=\/wp\/v2\/pages\/151"}],"collection":[{"href":"https:\/\/viktor-ge.org\/index.php?rest_route=\/wp\/v2\/pages"}],"about":[{"href":"https:\/\/viktor-ge.org\/index.php?rest_route=\/wp\/v2\/types\/page"}],"author":[{"embeddable":true,"href":"https:\/\/viktor-ge.org\/index.php?rest_route=\/wp\/v2\/users\/1"}],"replies":[{"embeddable":true,"href":"https:\/\/viktor-ge.org\/index.php?rest_route=%2Fwp%2Fv2%2Fcomments&post=151"}],"version-history":[{"count":17,"href":"https:\/\/viktor-ge.org\/index.php?rest_route=\/wp\/v2\/pages\/151\/revisions"}],"predecessor-version":[{"id":929,"href":"https:\/\/viktor-ge.org\/index.php?rest_route=\/wp\/v2\/pages\/151\/revisions\/929"}],"wp:attachment":[{"href":"https:\/\/viktor-ge.org\/index.php?rest_route=%2Fwp%2Fv2%2Fmedia&parent=151"}],"curies":[{"name":"wp","href":"https:\/\/api.w.org\/{rel}","templated":true}]}}